{"id":503,"date":"2015-06-28T12:13:35","date_gmt":"2015-06-28T12:13:35","guid":{"rendered":"http:\/\/www.itecman.com\/web\/?page_id=503"},"modified":"2015-06-28T14:01:57","modified_gmt":"2015-06-28T14:01:57","slug":"portfolio-fotos","status":"publish","type":"page","link":"https:\/\/www.itecman.com\/web\/portfolio-fotos\/","title":{"rendered":"portfolio &#8211; fotos"},"content":{"rendered":"<p>[et_pb_section][et_pb_row][et_pb_column type=&#8221;1_4&#8243;][et_pb_blurb admin_label=&#8221;Periche Profesional&#8221; title=&#8221;Periche Profesional&#8221; url=&#8221;http:\/\/www.itecman.com\/web\/?p=282&#8243; url_new_window=&#8221;off&#8221; use_icon=&#8221;off&#8221; icon_color=&#8221;#7EBEC5&#8243; use_circle=&#8221;off&#8221; circle_color=&#8221;#7EBEC5&#8243; use_circle_border=&#8221;off&#8221; circle_border_color=&#8221;#7EBEC5&#8243; image=&#8221;http:\/\/www.itecman.com\/web\/wp-content\/uploads\/2015\/06\/porfolio_btn_01_periche1.jpg&#8221; icon_placement=&#8221;top&#8221; animation=&#8221;top&#8221; background_layout=&#8221;light&#8221; text_orientation=&#8221;left&#8221; use_icon_font_size=&#8221;off&#8221; use_border_color=&#8221;off&#8221; border_color=&#8221;#ffffff&#8221; border_style=&#8221;solid&#8221;]<\/p>\n<p>Cosm\u00e9tica profesional<\/p>\n<p>[\/et_pb_blurb][\/et_pb_column][et_pb_column type=&#8221;1_4&#8243;][et_pb_blurb admin_label=&#8221;Industrial Oriol&#8221; title=&#8221;Industrial Oriol&#8221; url=&#8221;http:\/\/www.itecman.com\/web\/?p=356&#8243; url_new_window=&#8221;off&#8221; use_icon=&#8221;off&#8221; icon_color=&#8221;#7EBEC5&#8243; use_circle=&#8221;off&#8221; circle_color=&#8221;#7EBEC5&#8243; use_circle_border=&#8221;off&#8221; circle_border_color=&#8221;#7EBEC5&#8243; image=&#8221;http:\/\/www.itecman.com\/web\/wp-content\/uploads\/2015\/06\/porfolio_btn_02_ind_oriol.jpg&#8221; icon_placement=&#8221;top&#8221; animation=&#8221;top&#8221; background_layout=&#8221;light&#8221; text_orientation=&#8221;left&#8221; use_icon_font_size=&#8221;off&#8221; use_border_color=&#8221;off&#8221; border_color=&#8221;#ffffff&#8221; border_style=&#8221;solid&#8221;]<\/p>\n<p>Productos para peluquer\u00eda y est\u00e9tica<\/p>\n<p>[\/et_pb_blurb][\/et_pb_column][et_pb_column type=&#8221;1_4&#8243;][et_pb_blurb admin_label=&#8221;Pollie&#8221; title=&#8221;Pollie&#8221; url=&#8221;http:\/\/www.itecman.com\/web\/?p=406&#8243; url_new_window=&#8221;off&#8221; use_icon=&#8221;off&#8221; icon_color=&#8221;#7EBEC5&#8243; use_circle=&#8221;off&#8221; circle_color=&#8221;#7EBEC5&#8243; use_circle_border=&#8221;off&#8221; circle_border_color=&#8221;#7EBEC5&#8243; image=&#8221;http:\/\/www.itecman.com\/web\/wp-content\/uploads\/2015\/06\/porfolio_btn_03_pollie.jpg&#8221; icon_placement=&#8221;top&#8221; animation=&#8221;top&#8221; background_layout=&#8221;light&#8221; text_orientation=&#8221;left&#8221; use_icon_font_size=&#8221;off&#8221; use_border_color=&#8221;off&#8221; border_color=&#8221;#ffffff&#8221; border_style=&#8221;solid&#8221;]<\/p>\n<p>Producto de est\u00e9tica<\/p>\n<p>[\/et_pb_blurb][\/et_pb_column][et_pb_column type=&#8221;1_4&#8243;][et_pb_blurb admin_label=&#8221;Tassel Cosmetics&#8221; title=&#8221;Tassel Cosmetics&#8221; url=&#8221;http:\/\/www.itecman.com\/web\/?p=534&#8243; url_new_window=&#8221;off&#8221; use_icon=&#8221;off&#8221; icon_color=&#8221;#7EBEC5&#8243; use_circle=&#8221;off&#8221; circle_color=&#8221;#7EBEC5&#8243; use_circle_border=&#8221;off&#8221; circle_border_color=&#8221;#7EBEC5&#8243; image=&#8221;http:\/\/www.itecman.com\/web\/wp-content\/uploads\/2015\/06\/porfolio_btn_04_tassel.jpg&#8221; icon_placement=&#8221;top&#8221; animation=&#8221;top&#8221; background_layout=&#8221;light&#8221; text_orientation=&#8221;left&#8221; use_icon_font_size=&#8221;off&#8221; use_border_color=&#8221;off&#8221; border_color=&#8221;#ffffff&#8221; border_style=&#8221;solid&#8221;]<\/p>\n<p>Cosm\u00e9tica Profesional<\/p>\n<p>[\/et_pb_blurb][\/et_pb_column][\/et_pb_row][et_pb_row][et_pb_column type=&#8221;1_4&#8243;][et_pb_blurb admin_label=&#8221;Dicora&#8221; title=&#8221;Dicora&#8221; url=&#8221;http:\/\/www.itecman.com\/web\/?p=602&#8243; url_new_window=&#8221;off&#8221; use_icon=&#8221;off&#8221; icon_color=&#8221;#7EBEC5&#8243; use_circle=&#8221;off&#8221; circle_color=&#8221;#7EBEC5&#8243; use_circle_border=&#8221;off&#8221; circle_border_color=&#8221;#7EBEC5&#8243; image=&#8221;http:\/\/www.itecman.com\/web\/wp-content\/uploads\/2015\/06\/porfolio_btn_05_dicora.jpg&#8221; icon_placement=&#8221;top&#8221; animation=&#8221;top&#8221; background_layout=&#8221;light&#8221; text_orientation=&#8221;left&#8221; use_icon_font_size=&#8221;off&#8221; use_border_color=&#8221;off&#8221; border_color=&#8221;#ffffff&#8221; border_style=&#8221;solid&#8221;]<\/p>\n<p>Cosm\u00e9tica profesional<\/p>\n<p>[\/et_pb_blurb][\/et_pb_column][et_pb_column type=&#8221;1_4&#8243;][et_pb_blurb admin_label=&#8221;Industrias Pollie&#8221; title=&#8221;Industrias Pollie&#8221; url=&#8221;http:\/\/www.itecman.com\/web\/?p=282&#8243; url_new_window=&#8221;off&#8221; use_icon=&#8221;off&#8221; icon_color=&#8221;#7EBEC5&#8243; use_circle=&#8221;off&#8221; circle_color=&#8221;#7EBEC5&#8243; use_circle_border=&#8221;off&#8221; circle_border_color=&#8221;#7EBEC5&#8243; image=&#8221;http:\/\/www.itecman.com\/web\/wp-content\/uploads\/2015\/06\/porfolio_btn_06_ind_pollie.jpg&#8221; icon_placement=&#8221;top&#8221; animation=&#8221;top&#8221; background_layout=&#8221;light&#8221; text_orientation=&#8221;left&#8221; use_icon_font_size=&#8221;off&#8221; use_border_color=&#8221;off&#8221; border_color=&#8221;#ffffff&#8221; border_style=&#8221;solid&#8221;]<\/p>\n<p>Inyecci\u00f3n de pl\u00e1stico y caucho<\/p>\n<p>[\/et_pb_blurb][\/et_pb_column][et_pb_column type=&#8221;1_4&#8243;][et_pb_blurb admin_label=&#8221;Laura Duran&#8221; title=&#8221;Laura Duran&#8221; url=&#8221;http:\/\/www.itecman.com\/web\/?p=625&#8243; url_new_window=&#8221;off&#8221; use_icon=&#8221;off&#8221; icon_color=&#8221;#7EBEC5&#8243; use_circle=&#8221;off&#8221; circle_color=&#8221;#7EBEC5&#8243; use_circle_border=&#8221;off&#8221; circle_border_color=&#8221;#7EBEC5&#8243; image=&#8221;http:\/\/www.itecman.com\/web\/wp-content\/uploads\/2015\/06\/porfolio_btn_07_laura_duran.jpg&#8221; icon_placement=&#8221;top&#8221; animation=&#8221;top&#8221; background_layout=&#8221;light&#8221; text_orientation=&#8221;left&#8221; use_icon_font_size=&#8221;off&#8221; use_border_color=&#8221;off&#8221; border_color=&#8221;#ffffff&#8221; border_style=&#8221;solid&#8221;]<\/p>\n<p>Artesan\u00edas<\/p>\n<p>[\/et_pb_blurb][\/et_pb_column][et_pb_column type=&#8221;1_4&#8243;][et_pb_blurb admin_label=&#8221;JPS Profesional&#8221; title=&#8221;JPS Profesional&#8221; url=&#8221;http:\/\/www.itecman.com\/web\/?p=699&#8243; url_new_window=&#8221;off&#8221; use_icon=&#8221;off&#8221; icon_color=&#8221;#7EBEC5&#8243; use_circle=&#8221;off&#8221; circle_color=&#8221;#7EBEC5&#8243; use_circle_border=&#8221;off&#8221; circle_border_color=&#8221;#7EBEC5&#8243; image=&#8221;http:\/\/www.itecman.com\/web\/wp-content\/uploads\/2015\/06\/porfolio_btn_08_jps.jpg&#8221; icon_placement=&#8221;top&#8221; animation=&#8221;top&#8221; background_layout=&#8221;light&#8221; text_orientation=&#8221;left&#8221; use_icon_font_size=&#8221;off&#8221; use_border_color=&#8221;off&#8221; border_color=&#8221;#ffffff&#8221; border_style=&#8221;solid&#8221;]<\/p>\n<p>Cuentalitros industriales<\/p>\n<p>[\/et_pb_blurb][\/et_pb_column][\/et_pb_row][et_pb_row][et_pb_column type=&#8221;1_4&#8243;][et_pb_blurb admin_label=&#8221;iStyle salon&#8221; title=&#8221;iSyle Sal\u00f3n&#8221; url=&#8221;http:\/\/www.itecman.com\/web\/?p=722&#8243; url_new_window=&#8221;off&#8221; use_icon=&#8221;off&#8221; icon_color=&#8221;#7EBEC5&#8243; use_circle=&#8221;off&#8221; circle_color=&#8221;#7EBEC5&#8243; use_circle_border=&#8221;off&#8221; circle_border_color=&#8221;#7EBEC5&#8243; image=&#8221;http:\/\/www.itecman.com\/web\/wp-content\/uploads\/2015\/06\/porfolio_btn_09_istyle_salon.jpg&#8221; icon_placement=&#8221;top&#8221; animation=&#8221;top&#8221; background_layout=&#8221;light&#8221; text_orientation=&#8221;left&#8221; use_icon_font_size=&#8221;off&#8221; use_border_color=&#8221;off&#8221; border_color=&#8221;#ffffff&#8221; border_style=&#8221;solid&#8221;]<\/p>\n<p>Sal\u00f3n de peluquer\u00eda Madrid<\/p>\n<p>[\/et_pb_blurb][\/et_pb_column][et_pb_column type=&#8221;1_4&#8243;][et_pb_blurb admin_label=&#8221;Instalaciones &#8221; title=&#8221;Instalaciones &#8221; url=&#8221;http:\/\/www.itecman.com\/web\/?p=745&#8243; url_new_window=&#8221;off&#8221; use_icon=&#8221;off&#8221; icon_color=&#8221;#7EBEC5&#8243; use_circle=&#8221;off&#8221; circle_color=&#8221;#7EBEC5&#8243; use_circle_border=&#8221;off&#8221; circle_border_color=&#8221;#7EBEC5&#8243; image=&#8221;http:\/\/www.itecman.com\/web\/wp-content\/uploads\/2015\/06\/porfolio_btn_10_instalacion.jpg&#8221; icon_placement=&#8221;top&#8221; animation=&#8221;top&#8221; background_layout=&#8221;light&#8221; text_orientation=&#8221;left&#8221; use_icon_font_size=&#8221;off&#8221; use_border_color=&#8221;off&#8221; border_color=&#8221;#ffffff&#8221; border_style=&#8221;solid&#8221;]<\/p>\n<p>Instalaciones de empresas<\/p>\n<p>[\/et_pb_blurb][\/et_pb_column][et_pb_column type=&#8221;1_4&#8243;][et_pb_blurb admin_label=&#8221;Restaurant Els Pescadors&#8221; title=&#8221;Els Pescadors&#8221; url=&#8221;http:\/\/www.itecman.com\/web\/?p=768&#8243; url_new_window=&#8221;off&#8221; use_icon=&#8221;off&#8221; icon_color=&#8221;#7EBEC5&#8243; use_circle=&#8221;off&#8221; circle_color=&#8221;#7EBEC5&#8243; use_circle_border=&#8221;off&#8221; circle_border_color=&#8221;#7EBEC5&#8243; image=&#8221;http:\/\/www.itecman.com\/web\/wp-content\/uploads\/2015\/06\/porfolio_btn_11_els_pescadors.jpg&#8221; icon_placement=&#8221;top&#8221; animation=&#8221;top&#8221; background_layout=&#8221;light&#8221; text_orientation=&#8221;left&#8221; use_icon_font_size=&#8221;off&#8221; use_border_color=&#8221;off&#8221; border_color=&#8221;#ffffff&#8221; border_style=&#8221;solid&#8221;]<\/p>\n<p>Restaurant Els Pescadors<\/p>\n<p>[\/et_pb_blurb][\/et_pb_column][et_pb_column type=&#8221;1_4&#8243;][et_pb_blurb admin_label=&#8221;Secretos de Teruel&#8221; title=&#8221;Secretos de Teruel&#8221; url=&#8221;http:\/\/www.itecman.com\/web\/?p=791&#8243; url_new_window=&#8221;off&#8221; use_icon=&#8221;off&#8221; icon_color=&#8221;#7EBEC5&#8243; use_circle=&#8221;off&#8221; circle_color=&#8221;#7EBEC5&#8243; use_circle_border=&#8221;off&#8221; circle_border_color=&#8221;#7EBEC5&#8243; image=&#8221;http:\/\/www.itecman.com\/web\/wp-content\/uploads\/2015\/06\/porfolio_btn_12_sdt.jpg&#8221; icon_placement=&#8221;top&#8221; animation=&#8221;top&#8221; background_layout=&#8221;light&#8221; text_orientation=&#8221;left&#8221; use_icon_font_size=&#8221;off&#8221; use_border_color=&#8221;off&#8221; border_color=&#8221;#ffffff&#8221; border_style=&#8221;solid&#8221;]<\/p>\n<p>Productos t\u00edpicos de Teruel<\/p>\n<p>[\/et_pb_blurb][\/et_pb_column][\/et_pb_row][et_pb_row][et_pb_column type=&#8221;1_4&#8243;][et_pb_blurb admin_label=&#8221;Evento Martini&#8221; title=&#8221;Evento Martini&#8221; url=&#8221;http:\/\/www.itecman.com\/web\/?p=815&#8243; url_new_window=&#8221;off&#8221; use_icon=&#8221;off&#8221; icon_color=&#8221;#7EBEC5&#8243; use_circle=&#8221;off&#8221; circle_color=&#8221;#7EBEC5&#8243; use_circle_border=&#8221;off&#8221; circle_border_color=&#8221;#7EBEC5&#8243; image=&#8221;http:\/\/www.itecman.com\/web\/wp-content\/uploads\/2015\/06\/porfolio_btn_13_martini.jpg&#8221; icon_placement=&#8221;top&#8221; animation=&#8221;top&#8221; background_layout=&#8221;light&#8221; text_orientation=&#8221;left&#8221; use_icon_font_size=&#8221;off&#8221; use_border_color=&#8221;off&#8221; border_color=&#8221;#ffffff&#8221; border_style=&#8221;solid&#8221;]<\/p>\n<p>Evento Martini<\/p>\n<p>[\/et_pb_blurb][\/et_pb_column][et_pb_column type=&#8221;1_4&#8243;][et_pb_blurb admin_label=&#8221;Interiorismo&#8221; title=&#8221;Interiorismo&#8221; url=&#8221;http:\/\/www.itecman.com\/web\/?p=838&#8243; url_new_window=&#8221;off&#8221; use_icon=&#8221;off&#8221; icon_color=&#8221;#7EBEC5&#8243; use_circle=&#8221;off&#8221; circle_color=&#8221;#7EBEC5&#8243; use_circle_border=&#8221;off&#8221; circle_border_color=&#8221;#7EBEC5&#8243; image=&#8221;http:\/\/www.itecman.com\/web\/wp-content\/uploads\/2015\/06\/porfolio_btn_14_interiorismo.jpg&#8221; icon_placement=&#8221;top&#8221; animation=&#8221;top&#8221; background_layout=&#8221;light&#8221; text_orientation=&#8221;left&#8221; use_icon_font_size=&#8221;off&#8221; use_border_color=&#8221;off&#8221; border_color=&#8221;#ffffff&#8221; border_style=&#8221;solid&#8221;]<\/p>\n<p>Interiorismo<\/p>\n<p>[\/et_pb_blurb][\/et_pb_column][et_pb_column type=&#8221;1_4&#8243;][et_pb_blurb admin_label=&#8221;Formatges Can Pujol&#8221; title=&#8221;Formatges Can Pujol&#8221; url=&#8221;http:\/\/www.itecman.com\/web\/?p=861&#8243; url_new_window=&#8221;off&#8221; use_icon=&#8221;off&#8221; icon_color=&#8221;#7EBEC5&#8243; use_circle=&#8221;off&#8221; circle_color=&#8221;#7EBEC5&#8243; use_circle_border=&#8221;off&#8221; circle_border_color=&#8221;#7EBEC5&#8243; image=&#8221;http:\/\/www.itecman.com\/web\/wp-content\/uploads\/2015\/06\/porfolio_btn_15_canpujol.jpg&#8221; icon_placement=&#8221;top&#8221; animation=&#8221;top&#8221; background_layout=&#8221;light&#8221; text_orientation=&#8221;left&#8221; use_icon_font_size=&#8221;off&#8221; use_border_color=&#8221;off&#8221; border_color=&#8221;#ffffff&#8221; border_style=&#8221;solid&#8221;]<\/p>\n<p>Quesos artesanales<\/p>\n<p>[\/et_pb_blurb][\/et_pb_column][et_pb_column type=&#8221;1_4&#8243;][\/et_pb_column][\/et_pb_row][\/et_pb_section]<\/p>\n","protected":false},"excerpt":{"rendered":"<p><div class=\"et_pb_section et_pb_section_0 et_section_regular\" >\n\t\t\t\t\n\t\t\t\t\n\t\t\t\t\n\t\t\t\t\n\t\t\t\t\n\t\t\t\t\n\t\t\t\t\n\t\t\t\t\n\t\t\t\t\n\t\t\t<\/div><div class=\"et_pb_row et_pb_row_0 et_pb_row_empty\">\n\t\t\t\t\n\t\t\t\t\n\t\t\t\t\n\t\t\t\t\n\t\t\t\t\n\t\t\t<\/div> Cosm\u00e9tica profesional Productos para peluquer\u00eda y est\u00e9tica Producto de est\u00e9tica Cosm\u00e9tica Profesional <div class=\"et_pb_row et_pb_row_1 et_pb_row_empty\">\n\t\t\t\t\n\t\t\t\t\n\t\t\t\t\n\t\t\t\t\n\t\t\t\t\n\t\t\t<\/div> Cosm\u00e9tica profesional Inyecci\u00f3n de pl\u00e1stico y caucho Artesan\u00edas Cuentalitros industriales <div class=\"et_pb_row et_pb_row_2 et_pb_row_empty\">\n\t\t\t\t\n\t\t\t\t\n\t\t\t\t\n\t\t\t\t\n\t\t\t\t\n\t\t\t<\/div> Sal\u00f3n de peluquer\u00eda Madrid Instalaciones de empresas Restaurant Els Pescadors Productos t\u00edpicos de Teruel <div class=\"et_pb_row et_pb_row_3 et_pb_row_empty\">\n\t\t\t\t\n\t\t\t\t\n\t\t\t\t\n\t\t\t\t\n\t\t\t\t\n\t\t\t<\/div> Evento Martini Interiorismo Quesos artesanales<\/p>\n","protected":false},"author":2,"featured_media":0,"parent":0,"menu_order":0,"comment_status":"closed","ping_status":"closed","template":"","meta":{"_et_pb_use_builder":"on","_et_pb_old_content":"","_et_gb_content_width":""},"_links":{"self":[{"href":"https:\/\/www.itecman.com\/web\/wp-json\/wp\/v2\/pages\/503"}],"collection":[{"href":"https:\/\/www.itecman.com\/web\/wp-json\/wp\/v2\/pages"}],"about":[{"href":"https:\/\/www.itecman.com\/web\/wp-json\/wp\/v2\/types\/page"}],"author":[{"embeddable":true,"href":"https:\/\/www.itecman.com\/web\/wp-json\/wp\/v2\/users\/2"}],"replies":[{"embeddable":true,"href":"https:\/\/www.itecman.com\/web\/wp-json\/wp\/v2\/comments?post=503"}],"version-history":[{"count":0,"href":"https:\/\/www.itecman.com\/web\/wp-json\/wp\/v2\/pages\/503\/revisions"}],"wp:attachment":[{"href":"https:\/\/www.itecman.com\/web\/wp-json\/wp\/v2\/media?parent=503"}],"curies":[{"name":"wp","href":"https:\/\/api.w.org\/{rel}","templated":true}]}}