{"id":50,"date":"2015-02-23T20:17:44","date_gmt":"2015-02-23T20:17:44","guid":{"rendered":"http:\/\/www.itecman.com\/web\/?page_id=50"},"modified":"2015-06-28T08:17:51","modified_gmt":"2015-06-28T08:17:51","slug":"planes-modulares","status":"publish","type":"page","link":"https:\/\/www.itecman.com\/web\/planes-modulares\/","title":{"rendered":"Planes Modulares"},"content":{"rendered":"<p>[et_pb_section fullwidth=&#8221;on&#8221; specialty=&#8221;off&#8221;][et_pb_fullwidth_slider admin_label=&#8221;Control deslizante de anchura completa&#8221; show_arrows=&#8221;on&#8221; show_pagination=&#8221;on&#8221; auto=&#8221;off&#8221; parallax=&#8221;off&#8221; parallax_method=&#8221;off&#8221; remove_inner_shadow=&#8221;off&#8221; background_position=&#8221;default&#8221; background_size=&#8221;default&#8221; hide_content_on_mobile=&#8221;off&#8221; hide_cta_on_mobile=&#8221;off&#8221; show_image_video_mobile=&#8221;off&#8221; custom_button=&#8221;off&#8221; button_letter_spacing=&#8221;0&#8243; button_use_icon=&#8221;default&#8221; button_icon_placement=&#8221;right&#8221; button_on_hover=&#8221;on&#8221; button_letter_spacing_hover=&#8221;0&#8243; module_class=&#8221;mod-servicios&#8221;][et_pb_slide heading=&#8221;Planes Modulares&#8221; background_color=&#8221;#ffffff&#8221; image=&#8221;http:\/\/www.itecman.com\/web\/wp-content\/uploads\/2015\/02\/packs.jpg&#8221; alignment=&#8221;center&#8221; background_layout=&#8221;light&#8221; allow_player_pause=&#8221;off&#8221; background_position=&#8221;default&#8221; background_size=&#8221;default&#8221; header_font_select=&#8221;default&#8221; body_font_select=&#8221;default&#8221; custom_button=&#8221;off&#8221; button_font_select=&#8221;default&#8221; button_use_icon=&#8221;default&#8221; button_icon_placement=&#8221;right&#8221; button_on_hover=&#8221;on&#8221;]<\/p>\n<h4>Soluciones a medida de cada necesidad<\/h4>\n<h6>Adaptados a particulares, profesionales, peque\u00f1as y medianas empresas<\/h6>\n<p>[\/et_pb_slide][\/et_pb_fullwidth_slider][\/et_pb_section][et_pb_section fullwidth=&#8221;off&#8221; specialty=&#8221;off&#8221;][et_pb_row][et_pb_column type=&#8221;1_2&#8243;][et_pb_blurb admin_label=&#8221;\u00bf Qu\u00e9 es un Plan Modular ?&#8221; title=&#8221;\u00bf Qu\u00e9 es un Plan Modular ?&#8221; url_new_window=&#8221;off&#8221; use_icon=&#8221;on&#8221; font_icon=&#8221;=&#8221; icon_color=&#8221;#81d742&#8243; use_circle=&#8221;off&#8221; circle_color=&#8221;#7EBEC5&#8243; use_circle_border=&#8221;off&#8221; circle_border_color=&#8221;#7EBEC5&#8243; icon_placement=&#8221;left&#8221; animation=&#8221;top&#8221; background_layout=&#8221;light&#8221; text_orientation=&#8221;left&#8221;]<\/p>\n<p><span id=\"u406-3\" class=\"Estilo-de-car-cter-1\">Consiste en un paquete de horas que cada cliente utilizar\u00e1 de acuerdo a sus necesidades.<\/span><\/p>\n<p>[\/et_pb_blurb][et_pb_blurb admin_label=&#8221;\u00bf C\u00f3mo se fracciona el tiempo ?&#8221; title=&#8221;\u00bf C\u00f3mo se fracciona el tiempo ?&#8221; url_new_window=&#8221;off&#8221; use_icon=&#8221;on&#8221; font_icon=&#8221;=&#8221; icon_color=&#8221;#81d742&#8243; use_circle=&#8221;off&#8221; circle_color=&#8221;#7EBEC5&#8243; use_circle_border=&#8221;off&#8221; circle_border_color=&#8221;#7EBEC5&#8243; icon_placement=&#8221;left&#8221; animation=&#8221;top&#8221; background_layout=&#8221;light&#8221; text_orientation=&#8221;left&#8221;]<\/p>\n<p><span id=\"u406-3\" class=\"Estilo-de-car-cter-1\"><span id=\"u406-24\" class=\"Estilo-de-car-cter-1\">En bloques de 30 minutos, a partir de la primera hora.<\/span><\/span><\/p>\n<p>[\/et_pb_blurb][et_pb_blurb admin_label=&#8221;\u00bf Cu\u00e1ndo caduca un plan modular ?&#8221; title=&#8221;\u00bf Cu\u00e1ndo caduca un plan modular ?&#8221; url_new_window=&#8221;off&#8221; use_icon=&#8221;on&#8221; font_icon=&#8221;=&#8221; icon_color=&#8221;#81d742&#8243; use_circle=&#8221;off&#8221; circle_color=&#8221;#7EBEC5&#8243; use_circle_border=&#8221;off&#8221; circle_border_color=&#8221;#7EBEC5&#8243; icon_placement=&#8221;left&#8221; animation=&#8221;top&#8221; background_layout=&#8221;light&#8221; text_orientation=&#8221;left&#8221;]<\/p>\n<p><span id=\"u406-3\" class=\"Estilo-de-car-cter-1\"><span id=\"u406-24\" class=\"Estilo-de-car-cter-1\"><span id=\"u406-34\" class=\"Estilo-de-car-cter-1\">Una vez iniciado el plan, el cliente dispone de un m\u00e1ximo de 6 meses para consumir el total de horas. En caso de pasado este periodo, las horas restantes quedar\u00e1n pendientes y cuando se contrat\u00e9 un nuevo plan, se agregar\u00e1n al mismo.<\/span><\/span><\/span><\/p>\n<p>[\/et_pb_blurb][\/et_pb_column][et_pb_column type=&#8221;1_2&#8243;][et_pb_blurb admin_label=&#8221;\u00bf C\u00f3mo se utiliza este servicio ?&#8221; title=&#8221;\u00bf C\u00f3mo se utiliza este servicio ?&#8221; url_new_window=&#8221;off&#8221; use_icon=&#8221;on&#8221; font_icon=&#8221;=&#8221; icon_color=&#8221;#81d742&#8243; use_circle=&#8221;off&#8221; circle_color=&#8221;#7EBEC5&#8243; use_circle_border=&#8221;off&#8221; circle_border_color=&#8221;#7EBEC5&#8243; icon_placement=&#8221;left&#8221; animation=&#8221;top&#8221; background_layout=&#8221;light&#8221; text_orientation=&#8221;left&#8221;]<\/p>\n<p id=\"u406-9\"><span id=\"u406-8\" class=\"Estilo-de-car-cter-1\">El cliente solicitar\u00e1 un servicio y un t\u00e9cnico de AIBCN se pondr\u00e1 en contacto para determinar el tipo de asistencia \u00f3ptima.<\/span><\/p>\n<p>[\/et_pb_blurb][et_pb_blurb admin_label=&#8221;\u00bf Cu\u00e1l es el horario de utilizaci\u00f3n ?&#8221; title=&#8221;\u00bf Cu\u00e1l es el horario de utilizaci\u00f3n ?&#8221; url_new_window=&#8221;off&#8221; use_icon=&#8221;on&#8221; font_icon=&#8221;=&#8221; icon_color=&#8221;#81d742&#8243; use_circle=&#8221;off&#8221; circle_color=&#8221;#7EBEC5&#8243; use_circle_border=&#8221;off&#8221; circle_border_color=&#8221;#7EBEC5&#8243; icon_placement=&#8221;left&#8221; animation=&#8221;top&#8221; background_layout=&#8221;light&#8221; text_orientation=&#8221;left&#8221;]<\/p>\n<p><span id=\"u406-29\" class=\"Estilo-de-car-cter-1\">Se acordar\u00e1 el d\u00eda y hora entre el cliente y AIBCN para realizar los trabajos de lunes a viernes de 9:00 a 19:00 hs. (sujeto a disponibilidad).<\/span><\/p>\n<p>[\/et_pb_blurb][et_pb_blurb admin_label=&#8221;\u00bf Cu\u00e1l es la forma de pago ?&#8221; title=&#8221;\u00bf Cu\u00e1l es la forma de pago ?&#8221; url_new_window=&#8221;off&#8221; use_icon=&#8221;on&#8221; font_icon=&#8221;=&#8221; icon_color=&#8221;#81d742&#8243; use_circle=&#8221;off&#8221; circle_color=&#8221;#7EBEC5&#8243; use_circle_border=&#8221;off&#8221; circle_border_color=&#8221;#7EBEC5&#8243; icon_placement=&#8221;left&#8221; animation=&#8221;top&#8221; background_layout=&#8221;light&#8221; text_orientation=&#8221;left&#8221;]<\/p>\n<p><span id=\"u406-39\" class=\"Estilo-de-car-cter-1\">Todos los planes modulares se pagan por anticipado. Los desplazamientos se pagar\u00e1n en cada visita.<\/span><\/p>\n<p><span id=\"u406-3\" class=\"Estilo-de-car-cter-1\">\u00a0<\/span><\/p>\n<p>[\/et_pb_blurb][\/et_pb_column][\/et_pb_row][et_pb_row][et_pb_column type=&#8221;1_3&#8243;][et_pb_blurb admin_label=&#8221;Asistencia a domicilio&#8221; title=&#8221;Asistencia a domicilio&#8221; url_new_window=&#8221;off&#8221; use_icon=&#8221;on&#8221; font_icon=&#8221;\ue009&#8221; icon_color=&#8221;#81d742&#8243; use_circle=&#8221;off&#8221; circle_color=&#8221;#7EBEC5&#8243; use_circle_border=&#8221;off&#8221; circle_border_color=&#8221;#7EBEC5&#8243; icon_placement=&#8221;top&#8221; animation=&#8221;top&#8221; background_layout=&#8221;light&#8221; text_orientation=&#8221;center&#8221;]<\/p>\n<p>Se acordar\u00e1 el d\u00eda y la hora y un t\u00e9cnico de AIBCN se desplazar\u00e1 hasta las instalaciones del cliente para realizar el trabajo.<\/p>\n<p>[\/et_pb_blurb][\/et_pb_column][et_pb_column type=&#8221;1_3&#8243;][et_pb_blurb admin_label=&#8221;Asistencia remota&#8221; title=&#8221;Asistencia remota&#8221; url_new_window=&#8221;off&#8221; use_icon=&#8221;on&#8221; font_icon=&#8221;\ue00e&#8221; icon_color=&#8221;#81d742&#8243; use_circle=&#8221;off&#8221; circle_color=&#8221;#7EBEC5&#8243; use_circle_border=&#8221;off&#8221; circle_border_color=&#8221;#7EBEC5&#8243; icon_placement=&#8221;top&#8221; animation=&#8221;top&#8221; background_layout=&#8221;light&#8221; text_orientation=&#8221;center&#8221;]<\/p>\n<p>A trav\u00e9s de internet y utilizando aplicaciones especificas realizaremos el trabajo por acceso remoto.<\/p>\n<p>[\/et_pb_blurb][\/et_pb_column][et_pb_column type=&#8221;1_3&#8243;][et_pb_blurb admin_label=&#8221;Oficina AIBCN&#8221; title=&#8221;Oficina AIBCN&#8221; url_new_window=&#8221;off&#8221; use_icon=&#8221;on&#8221; font_icon=&#8221;\ue0ef&#8221; icon_color=&#8221;#81d742&#8243; use_circle=&#8221;off&#8221; circle_color=&#8221;#7EBEC5&#8243; use_circle_border=&#8221;off&#8221; circle_border_color=&#8221;#7EBEC5&#8243; icon_placement=&#8221;top&#8221; animation=&#8221;top&#8221; background_layout=&#8221;light&#8221; text_orientation=&#8221;center&#8221;]<\/p>\n<p>El cliente enviar\u00e1 el equipo inform\u00e1tico a nuestro laboratorio para su reparaci\u00f3n.<\/p>\n<p>[\/et_pb_blurb][\/et_pb_column][\/et_pb_row][\/et_pb_section][et_pb_section fullwidth=&#8221;off&#8221; specialty=&#8221;off&#8221;][et_pb_row][et_pb_column type=&#8221;1_4&#8243;][et_pb_blurb admin_label=&#8221;Plan Modular 24 hs&#8221; title=&#8221;Plan Modular 24 hs&#8221; url_new_window=&#8221;off&#8221; use_icon=&#8221;off&#8221; font_icon=&#8221;\ue037&#8221; icon_color=&#8221;#81d742&#8243; use_circle=&#8221;off&#8221; circle_color=&#8221;#7EBEC5&#8243; use_circle_border=&#8221;off&#8221; circle_border_color=&#8221;#7EBEC5&#8243; icon_placement=&#8221;top&#8221; animation=&#8221;off&#8221; background_layout=&#8221;light&#8221; text_orientation=&#8221;center&#8221; image=&#8221;http:\/\/www.itecman.com\/web\/wp-content\/uploads\/2015\/02\/pm24.png&#8221;]<\/p>\n<p>Peque\u00f1as empresas y profesionales<\/p>\n<p>[\/et_pb_blurb][\/et_pb_column][et_pb_column type=&#8221;1_4&#8243;][et_pb_blurb admin_label=&#8221;Plan Modular 16 hs&#8221; title=&#8221;Plan Modular 16 hs&#8221; url_new_window=&#8221;off&#8221; use_icon=&#8221;off&#8221; font_icon=&#8221;\ue037&#8221; icon_color=&#8221;#81d742&#8243; use_circle=&#8221;off&#8221; circle_color=&#8221;#7EBEC5&#8243; use_circle_border=&#8221;off&#8221; circle_border_color=&#8221;#7EBEC5&#8243; icon_placement=&#8221;top&#8221; animation=&#8221;off&#8221; background_layout=&#8221;light&#8221; text_orientation=&#8221;center&#8221; image=&#8221;http:\/\/www.itecman.com\/web\/wp-content\/uploads\/2015\/02\/pm16.png&#8221;]<\/p>\n<p>Peque\u00f1as empresas y profesionales<\/p>\n<p>[\/et_pb_blurb][\/et_pb_column][et_pb_column type=&#8221;1_4&#8243;][et_pb_blurb admin_label=&#8221;Plan Modular 8 hs&#8221; title=&#8221;Plan Modular 8 hs&#8221; url_new_window=&#8221;off&#8221; use_icon=&#8221;off&#8221; font_icon=&#8221;\ue037&#8221; icon_color=&#8221;#81d742&#8243; use_circle=&#8221;off&#8221; circle_color=&#8221;#7EBEC5&#8243; use_circle_border=&#8221;off&#8221; circle_border_color=&#8221;#7EBEC5&#8243; icon_placement=&#8221;top&#8221; animation=&#8221;off&#8221; background_layout=&#8221;light&#8221; text_orientation=&#8221;center&#8221; image=&#8221;http:\/\/www.itecman.com\/web\/wp-content\/uploads\/2015\/02\/pm8.png&#8221;]<\/p>\n<p>Particulares<\/p>\n<p>[\/et_pb_blurb][\/et_pb_column][et_pb_column type=&#8221;1_4&#8243;][et_pb_blurb admin_label=&#8221;Plan Modular 8 hs&#8221; title=&#8221;Plan Modular 4 hs&#8221; url_new_window=&#8221;off&#8221; use_icon=&#8221;off&#8221; font_icon=&#8221;\ue037&#8221; icon_color=&#8221;#81d742&#8243; use_circle=&#8221;off&#8221; circle_color=&#8221;#7EBEC5&#8243; use_circle_border=&#8221;off&#8221; circle_border_color=&#8221;#7EBEC5&#8243; icon_placement=&#8221;top&#8221; animation=&#8221;off&#8221; background_layout=&#8221;light&#8221; text_orientation=&#8221;center&#8221; image=&#8221;http:\/\/www.itecman.com\/web\/wp-content\/uploads\/2015\/02\/pm4.png&#8221;]<\/p>\n<p>Instalaci\u00f3n inicial y puesta en marcha<\/p>\n<p>[\/et_pb_blurb][\/et_pb_column][\/et_pb_row][\/et_pb_section]<\/p>\n","protected":false},"excerpt":{"rendered":"<p>Soluciones a medida de cada necesidad Adaptados a particulares, profesionales, peque\u00f1as y medianas empresas <div class=\"et_pb_row et_pb_row_0 et_pb_row_empty\">\n\t\t\t\t\n\t\t\t\t\n\t\t\t\t\n\t\t\t\t\n\t\t\t\t\n\t\t\t<\/div> Consiste en un paquete de horas que cada cliente utilizar\u00e1 de acuerdo a sus necesidades. En bloques de 30 minutos, a partir de la primera hora. Una vez iniciado el plan, el cliente dispone de un m\u00e1ximo de 6 meses [&hellip;]<\/p>\n","protected":false},"author":2,"featured_media":0,"parent":0,"menu_order":0,"comment_status":"closed","ping_status":"closed","template":"","meta":{"_et_pb_use_builder":"on","_et_pb_old_content":"","_et_gb_content_width":""},"_links":{"self":[{"href":"https:\/\/www.itecman.com\/web\/wp-json\/wp\/v2\/pages\/50"}],"collection":[{"href":"https:\/\/www.itecman.com\/web\/wp-json\/wp\/v2\/pages"}],"about":[{"href":"https:\/\/www.itecman.com\/web\/wp-json\/wp\/v2\/types\/page"}],"author":[{"embeddable":true,"href":"https:\/\/www.itecman.com\/web\/wp-json\/wp\/v2\/users\/2"}],"replies":[{"embeddable":true,"href":"https:\/\/www.itecman.com\/web\/wp-json\/wp\/v2\/comments?post=50"}],"version-history":[{"count":0,"href":"https:\/\/www.itecman.com\/web\/wp-json\/wp\/v2\/pages\/50\/revisions"}],"wp:attachment":[{"href":"https:\/\/www.itecman.com\/web\/wp-json\/wp\/v2\/media?parent=50"}],"curies":[{"name":"wp","href":"https:\/\/api.w.org\/{rel}","templated":true}]}}