{"id":216,"date":"2015-06-21T12:57:22","date_gmt":"2015-06-21T12:57:22","guid":{"rendered":"http:\/\/www.itecman.com\/web\/?page_id=216"},"modified":"2015-06-21T12:57:22","modified_gmt":"2015-06-21T12:57:22","slug":"desarrollo-de-aplicaciones","status":"publish","type":"page","link":"https:\/\/www.itecman.com\/web\/desarrollo-de-aplicaciones\/","title":{"rendered":"Desarrollo de Aplicaciones"},"content":{"rendered":"<p>[et_pb_section fullwidth=&#8221;on&#8221; specialty=&#8221;off&#8221;][et_pb_fullwidth_slider admin_label=&#8221;Control deslizante de anchura completa&#8221; show_arrows=&#8221;on&#8221; show_pagination=&#8221;on&#8221; auto=&#8221;off&#8221; parallax=&#8221;off&#8221; parallax_method=&#8221;off&#8221; remove_inner_shadow=&#8221;off&#8221; background_position=&#8221;default&#8221; background_size=&#8221;default&#8221; hide_content_on_mobile=&#8221;off&#8221; hide_cta_on_mobile=&#8221;off&#8221; show_image_video_mobile=&#8221;off&#8221; custom_button=&#8221;off&#8221; button_letter_spacing=&#8221;0&#8243; button_use_icon=&#8221;default&#8221; button_icon_placement=&#8221;right&#8221; button_on_hover=&#8221;on&#8221; button_letter_spacing_hover=&#8221;0&#8243;][et_pb_slide heading=&#8221;Desarrollo de aplicaciones a medida&#8221; background_color=&#8221;#ffffff&#8221; image=&#8221;http:\/\/www.itecman.com\/web\/wp-content\/uploads\/2015\/06\/imagen-pegada-390&#215;322.jpg&#8221; alignment=&#8221;center&#8221; background_layout=&#8221;light&#8221; allow_player_pause=&#8221;off&#8221; background_position=&#8221;default&#8221; background_size=&#8221;default&#8221; header_font_select=&#8221;default&#8221; body_font_select=&#8221;default&#8221; custom_button=&#8221;off&#8221; button_font_select=&#8221;default&#8221; button_use_icon=&#8221;default&#8221; button_icon_placement=&#8221;right&#8221; button_on_hover=&#8221;on&#8221;]<\/p>\n<h3>Soluciones Personalizadas<\/h3>\n<h5>Dise\u00f1o y programaci\u00f3n de aplicaciones<br \/>\npara escritorio, entorno web o m\u00f3biles<\/h5>\n<p>[\/et_pb_slide][\/et_pb_fullwidth_slider][\/et_pb_section][et_pb_section fullwidth=&#8221;off&#8221; specialty=&#8221;off&#8221;][et_pb_row][et_pb_column type=&#8221;1_3&#8243;][et_pb_blurb admin_label=&#8221;\u00bf Porqu\u00e9 desarrollar una aplicaci\u00f3n a medida ?&#8221; title=&#8221;\u00bf Porqu\u00e9 desarrollar una aplicaci\u00f3n a medida ?&#8221; url_new_window=&#8221;off&#8221; use_icon=&#8221;on&#8221; font_icon=&#8221;=&#8221; icon_color=&#8221;#81d742&#8243; use_circle=&#8221;off&#8221; circle_color=&#8221;#7EBEC5&#8243; use_circle_border=&#8221;off&#8221; circle_border_color=&#8221;#7EBEC5&#8243; icon_placement=&#8221;left&#8221; animation=&#8221;top&#8221; background_layout=&#8221;light&#8221; text_orientation=&#8221;left&#8221; use_icon_font_size=&#8221;off&#8221; use_border_color=&#8221;off&#8221; border_color=&#8221;#ffffff&#8221; border_style=&#8221;solid&#8221;]El desarrollo de aplicaciones a medida, es la soluci\u00f3n perfecta para aquellos clientes exigentes en los que el software tradicional no se adapta a sus necesidades concretas. Cada nuevo sistema se crea como un proyecto modular y se construye en diversas etapas.[\/et_pb_blurb][\/et_pb_column][et_pb_column type=&#8221;1_3&#8243;][et_pb_blurb admin_label=&#8221;Ventajas del desarrollo a medida&#8221; title=&#8221;Ventajas del desarrollo a medida&#8221; url_new_window=&#8221;off&#8221; use_icon=&#8221;on&#8221; font_icon=&#8221;=&#8221; icon_color=&#8221;#81d742&#8243; use_circle=&#8221;off&#8221; circle_color=&#8221;#7EBEC5&#8243; use_circle_border=&#8221;off&#8221; circle_border_color=&#8221;#7EBEC5&#8243; icon_placement=&#8221;left&#8221; animation=&#8221;top&#8221; background_layout=&#8221;light&#8221; text_orientation=&#8221;left&#8221; use_icon_font_size=&#8221;off&#8221; use_border_color=&#8221;off&#8221; border_color=&#8221;#ffffff&#8221; border_style=&#8221;solid&#8221;]<\/p>\n<p>Se crean aplicaciones para los requerimientos espec\u00edficos de un cliente, especialmente cuando el software tradicional no contempla una soluci\u00f3n. El software se puede ir adaptando a las nuevas necesidades.\u00a0Son m\u00e1s f\u00e1ciles de utilizar ya que no contienen funciones innecesarias. Su implementaci\u00f3n puede estar realizada por m\u00f3dulos.<\/p>\n<p>[\/et_pb_blurb][\/et_pb_column][et_pb_column type=&#8221;1_3&#8243;][et_pb_blurb admin_label=&#8221;M\u00e1s de 25 a\u00f1os de experiencia&#8221; title=&#8221;M\u00e1s de 25 a\u00f1os de experiencia&#8221; url_new_window=&#8221;off&#8221; use_icon=&#8221;on&#8221; font_icon=&#8221;=&#8221; icon_color=&#8221;#81d742&#8243; use_circle=&#8221;off&#8221; circle_color=&#8221;#7EBEC5&#8243; use_circle_border=&#8221;off&#8221; circle_border_color=&#8221;#7EBEC5&#8243; icon_placement=&#8221;left&#8221; animation=&#8221;top&#8221; background_layout=&#8221;light&#8221; text_orientation=&#8221;left&#8221; use_icon_font_size=&#8221;off&#8221; use_border_color=&#8221;off&#8221; border_color=&#8221;#ffffff&#8221; border_style=&#8221;solid&#8221;]<\/p>\n<p>Contamos con una amplia experiencia en el desarrollo a medida. El hecho de haber creado aplicaciones con diversos lenguajes de programaci\u00f3n y plataformas a lo largo de todos estos a\u00f1os, nos ha permitido crear soluciones a medida para un gran n\u00famero de empresas y \u00e1mbitos diferentes.<\/p>\n<p>[\/et_pb_blurb][\/et_pb_column][\/et_pb_row][et_pb_row][et_pb_column type=&#8221;1_3&#8243;][et_pb_blurb admin_label=&#8221;Etapa 1&#8243; title=&#8221;Etapa 1&#8243; url_new_window=&#8221;off&#8221; use_icon=&#8221;on&#8221; font_icon=&#8221;%%75%%&#8221; icon_color=&#8221;#7EBEC5&#8243; use_circle=&#8221;off&#8221; circle_color=&#8221;#7EBEC5&#8243; use_circle_border=&#8221;off&#8221; circle_border_color=&#8221;#7EBEC5&#8243; icon_placement=&#8221;top&#8221; animation=&#8221;top&#8221; background_layout=&#8221;light&#8221; text_orientation=&#8221;left&#8221; use_icon_font_size=&#8221;off&#8221; use_border_color=&#8221;off&#8221; border_color=&#8221;#ffffff&#8221; border_style=&#8221;solid&#8221;]<b>Requerimientos del sistema:<\/b> definici\u00f3n de los resultados que se desean obtener del nuevo sistema. Estudio de necesidades y procesos que se deben informatizar.<\/p>\n<p><b>Relevamiento de datos:<\/b> clasificaci\u00f3n de todos los tipos de datos que deber\u00e1 contemplar el nuevo sistema.<\/p>\n<p>Calificaci\u00f3n de hardware y plataforma operativa: estudio del hardware disponible[\/et_pb_blurb][\/et_pb_column][et_pb_column type=&#8221;1_3&#8243;][et_pb_blurb admin_label=&#8221;Etapa 2&#8243; title=&#8221;Etapa 2&#8243; url_new_window=&#8221;off&#8221; use_icon=&#8221;on&#8221; font_icon=&#8221;%%124%%&#8221; icon_color=&#8221;#7EBEC5&#8243; use_circle=&#8221;off&#8221; circle_color=&#8221;#7EBEC5&#8243; use_circle_border=&#8221;off&#8221; circle_border_color=&#8221;#7EBEC5&#8243; icon_placement=&#8221;top&#8221; animation=&#8221;top&#8221; background_layout=&#8221;light&#8221; text_orientation=&#8221;left&#8221; use_icon_font_size=&#8221;off&#8221; use_border_color=&#8221;off&#8221; border_color=&#8221;#ffffff&#8221; border_style=&#8221;solid&#8221;]<\/p>\n<p><strong>Presentaci\u00f3n esquem\u00e1tica del sistema:<\/strong> mediante el modelado de diagramas de flujo de datos, organigramas, diagramas de entidad &#8211; relaci\u00f3n, diagramas de transici\u00f3n de estados, y otras herramientas; se generan informes gr\u00e1ficos, que proporcionan una clara representaci\u00f3n de todos los m\u00f3dulos que componen el sistema.<\/p>\n<p><strong>Elecci\u00f3n de la plataforma de programaci\u00f3n:<\/strong> podr\u00e1 ser Mac, Windows, aplicaci\u00f3n web, o aplicaci\u00f3n m\u00f3vil.<\/p>\n<p><strong>Desarrollo de la aplicaci\u00f3n:<\/strong> construcci\u00f3n de los m\u00f3dulos, dise\u00f1o de interfaces y procesos que conformar\u00e1n el nuevo sistema.<\/p>\n<p>[\/et_pb_blurb][\/et_pb_column][et_pb_column type=&#8221;1_3&#8243;][et_pb_blurb admin_label=&#8221;Etapa 3&#8243; title=&#8221;Etapa 3&#8243; url_new_window=&#8221;off&#8221; use_icon=&#8221;on&#8221; font_icon=&#8221;%%69%%&#8221; icon_color=&#8221;#7EBEC5&#8243; use_circle=&#8221;off&#8221; circle_color=&#8221;#7EBEC5&#8243; use_circle_border=&#8221;off&#8221; circle_border_color=&#8221;#7EBEC5&#8243; icon_placement=&#8221;top&#8221; animation=&#8221;top&#8221; background_layout=&#8221;light&#8221; text_orientation=&#8221;left&#8221; use_icon_font_size=&#8221;off&#8221; use_border_color=&#8221;off&#8221; border_color=&#8221;#ffffff&#8221; border_style=&#8221;solid&#8221;]<\/p>\n<p><strong>Implementaci\u00f3n y ajustes:<\/strong> se instalar\u00e1n versiones de prueba para la familiarizaci\u00f3n de los usuarios con el nuevo sistema, En esta etapa se podr\u00e1n detectar y corregir errores.<\/p>\n<p><strong>Formaci\u00f3n:<\/strong> se dar\u00e1 una formaci\u00f3n a los usurarios del nuevo sistema. Tambi\u00e9n es posible realizar videos tutoriales de cada funcionalidad.<\/p>\n<p><strong>Mantenimiento y control:<\/strong> para garantizar un \u00f3ptimo estado del sistema es aconsejable realizar mantenimientos preventivos en todos los sistemas inform\u00e1ticos<\/p>\n<p>[\/et_pb_blurb][\/et_pb_column][\/et_pb_row][\/et_pb_section]<\/p>\n","protected":false},"excerpt":{"rendered":"<p>Soluciones Personalizadas Dise\u00f1o y programaci\u00f3n de aplicaciones para escritorio, entorno web o m\u00f3biles <div class=\"et_pb_row et_pb_row_0 et_pb_row_empty\">\n\t\t\t\t\n\t\t\t\t\n\t\t\t\t\n\t\t\t\t\n\t\t\t\t\n\t\t\t<\/div>El desarrollo de aplicaciones a medida, es la soluci\u00f3n perfecta para aquellos clientes exigentes en los que el software tradicional no se adapta a sus necesidades concretas. Cada nuevo sistema se crea como un proyecto modular y se construye en diversas etapas. [&hellip;]<\/p>\n","protected":false},"author":2,"featured_media":0,"parent":0,"menu_order":0,"comment_status":"closed","ping_status":"closed","template":"","meta":{"_et_pb_use_builder":"on","_et_pb_old_content":"","_et_gb_content_width":""},"_links":{"self":[{"href":"https:\/\/www.itecman.com\/web\/wp-json\/wp\/v2\/pages\/216"}],"collection":[{"href":"https:\/\/www.itecman.com\/web\/wp-json\/wp\/v2\/pages"}],"about":[{"href":"https:\/\/www.itecman.com\/web\/wp-json\/wp\/v2\/types\/page"}],"author":[{"embeddable":true,"href":"https:\/\/www.itecman.com\/web\/wp-json\/wp\/v2\/users\/2"}],"replies":[{"embeddable":true,"href":"https:\/\/www.itecman.com\/web\/wp-json\/wp\/v2\/comments?post=216"}],"version-history":[{"count":0,"href":"https:\/\/www.itecman.com\/web\/wp-json\/wp\/v2\/pages\/216\/revisions"}],"wp:attachment":[{"href":"https:\/\/www.itecman.com\/web\/wp-json\/wp\/v2\/media?parent=216"}],"curies":[{"name":"wp","href":"https:\/\/api.w.org\/{rel}","templated":true}]}}