{"id":193,"date":"2015-06-21T09:04:48","date_gmt":"2015-06-21T09:04:48","guid":{"rendered":"http:\/\/www.itecman.com\/web\/?page_id=193"},"modified":"2015-06-28T08:16:52","modified_gmt":"2015-06-28T08:16:52","slug":"fotografia-digital-2","status":"publish","type":"page","link":"https:\/\/www.itecman.com\/web\/fotografia-digital-2\/","title":{"rendered":"Fotograf\u00eda Digital"},"content":{"rendered":"<p>[et_pb_section fullwidth=&#8221;on&#8221; specialty=&#8221;off&#8221;][et_pb_fullwidth_slider admin_label=&#8221;Control deslizante de anchura completa&#8221; show_arrows=&#8221;on&#8221; show_pagination=&#8221;on&#8221; auto=&#8221;off&#8221; parallax=&#8221;off&#8221; parallax_method=&#8221;off&#8221; module_class=&#8221;mod-servicios&#8221; remove_inner_shadow=&#8221;off&#8221; background_position=&#8221;default&#8221; background_size=&#8221;default&#8221; hide_content_on_mobile=&#8221;off&#8221; hide_cta_on_mobile=&#8221;off&#8221; show_image_video_mobile=&#8221;off&#8221; custom_button=&#8221;off&#8221; button_letter_spacing=&#8221;0&#8243; button_use_icon=&#8221;default&#8221; button_icon_placement=&#8221;right&#8221; button_on_hover=&#8221;on&#8221; button_letter_spacing_hover=&#8221;0&#8243;][et_pb_slide heading=&#8221;Fotograf\u00eda Digital&#8221; background_color=&#8221;#ffffff&#8221; image=&#8221;http:\/\/www.itecman.com\/web\/wp-content\/uploads\/2015\/06\/prod-foto-01.jpg&#8221; alignment=&#8221;center&#8221; background_layout=&#8221;light&#8221; allow_player_pause=&#8221;off&#8221; background_position=&#8221;default&#8221; background_size=&#8221;default&#8221; header_font_select=&#8221;default&#8221; body_font_select=&#8221;default&#8221; custom_button=&#8221;off&#8221; button_font_select=&#8221;default&#8221; button_use_icon=&#8221;default&#8221; button_icon_placement=&#8221;right&#8221; button_on_hover=&#8221;on&#8221;]<\/p>\n<h4>Im\u00e1genes de alta calidad<\/h4>\n<h6>Una buena imagen destaca<br \/>\nlas cualidad y prestigio<br \/>\nde un producto<\/h6>\n<p>[\/et_pb_slide][\/et_pb_fullwidth_slider][\/et_pb_section][et_pb_section fullwidth=&#8221;off&#8221; specialty=&#8221;off&#8221;][et_pb_row][et_pb_column type=&#8221;1_2&#8243;][et_pb_blurb admin_label=&#8221;\u00bf Qu\u00e9 tipo de fotograf\u00eda hacemos ?&#8221; title=&#8221;\u00bf Qu\u00e9 tipo de fotograf\u00eda hacemos ?&#8221; url_new_window=&#8221;off&#8221; use_icon=&#8221;on&#8221; font_icon=&#8221;=&#8221; icon_color=&#8221;#81d742&#8243; use_circle=&#8221;off&#8221; circle_color=&#8221;#7EBEC5&#8243; use_circle_border=&#8221;off&#8221; circle_border_color=&#8221;#7EBEC5&#8243; icon_placement=&#8221;left&#8221; animation=&#8221;top&#8221; background_layout=&#8221;light&#8221; text_orientation=&#8221;left&#8221; use_icon_font_size=&#8221;off&#8221; use_border_color=&#8221;off&#8221; border_color=&#8221;#ffffff&#8221; border_style=&#8221;solid&#8221;]Nos especializamos en fotograf\u00eda de productos que ser\u00e1n utilizadas para impresi\u00f3n (formato papel) o digital (cat\u00e1logos y web). En nuestras instalaciones disponemos de un estudio fotogr\u00e1fico donde se realizan las sesiones. Tambi\u00e9n utilizamos equipos port\u00e1tiles para realizar sesiones a domicilio.[\/et_pb_blurb][\/et_pb_column][et_pb_column type=&#8221;1_2&#8243;][et_pb_blurb admin_label=&#8221;\u00bf Porqu\u00e9 se realiza una Post producci\u00f3n de im\u00e1genes ?&#8221; title=&#8221;\u00bf Porqu\u00e9 se realiza una Post producci\u00f3n de im\u00e1genes ?&#8221; url_new_window=&#8221;off&#8221; use_icon=&#8221;on&#8221; font_icon=&#8221;=&#8221; icon_color=&#8221;#81d742&#8243; use_circle=&#8221;off&#8221; circle_color=&#8221;#7EBEC5&#8243; use_circle_border=&#8221;off&#8221; circle_border_color=&#8221;#7EBEC5&#8243; icon_placement=&#8221;left&#8221; animation=&#8221;top&#8221; background_layout=&#8221;light&#8221; text_orientation=&#8221;left&#8221; use_icon_font_size=&#8221;off&#8221; use_border_color=&#8221;off&#8221; border_color=&#8221;#ffffff&#8221; border_style=&#8221;solid&#8221;]Para obtener im\u00e1genes de alta calidad, son necesario procesos de post-producci\u00f3n que realzan la calidad de la imagen. Ajustes de color, encuadre, incorporaci\u00f3n de logotipos, fotomontajes, etc.[\/et_pb_blurb][\/et_pb_column][\/et_pb_row][et_pb_row][et_pb_column type=&#8221;1_2&#8243;][et_pb_blurb admin_label=&#8221;Pack PhotoBasic&#8221; title=&#8221;Pack PhotoBasic&#8221; url_new_window=&#8221;off&#8221; use_icon=&#8221;off&#8221; icon_color=&#8221;#7EBEC5&#8243; use_circle=&#8221;off&#8221; circle_color=&#8221;#7EBEC5&#8243; use_circle_border=&#8221;off&#8221; circle_border_color=&#8221;#7EBEC5&#8243; image=&#8221;http:\/\/www.itecman.com\/web\/wp-content\/uploads\/2015\/06\/foto-basic.png&#8221; icon_placement=&#8221;top&#8221; animation=&#8221;top&#8221; background_layout=&#8221;light&#8221; text_orientation=&#8221;left&#8221; use_icon_font_size=&#8221;off&#8221; use_border_color=&#8221;off&#8221; border_color=&#8221;#ffffff&#8221; border_style=&#8221;solid&#8221;]<\/p>\n<p>Im\u00e1genes de alta resoluci\u00f3n con las siguientes caracter\u00edsticas:<\/p>\n<ul>\n<li>Resoluci\u00f3n : 12 Megapixeles a 300 ppp.<\/li>\n<li>Formatos: TIF y JPG.<\/li>\n<li>Post producci\u00f3n b\u00e1sica: ajustes b\u00e1sicos de orientaci\u00f3n, encuadre, balance de color, etc.<\/li>\n<\/ul>\n<p>[\/et_pb_blurb][\/et_pb_column][et_pb_column type=&#8221;1_2&#8243;][et_pb_blurb admin_label=&#8221;Pack PhotoAdvanced&#8221; title=&#8221;Pack PhotoAdvanced&#8221; url_new_window=&#8221;off&#8221; use_icon=&#8221;off&#8221; icon_color=&#8221;#7EBEC5&#8243; use_circle=&#8221;off&#8221; circle_color=&#8221;#7EBEC5&#8243; use_circle_border=&#8221;off&#8221; circle_border_color=&#8221;#7EBEC5&#8243; image=&#8221;http:\/\/www.itecman.com\/web\/wp-content\/uploads\/2015\/06\/foto-advanced.png&#8221; icon_placement=&#8221;top&#8221; animation=&#8221;top&#8221; background_layout=&#8221;light&#8221; text_orientation=&#8221;left&#8221; use_icon_font_size=&#8221;off&#8221; use_border_color=&#8221;off&#8221; border_color=&#8221;#ffffff&#8221; border_style=&#8221;solid&#8221;]<\/p>\n<p>Im\u00e1genes de alta resoluci\u00f3n con las siguientes caracter\u00edsticas:<\/p>\n<ul>\n<li>Resoluci\u00f3n : 12 Megapixeles a 300 ppp.<\/li>\n<li>Formatos: PSD, TIF y JPG.<\/li>\n<li>Post producci\u00f3n b\u00e1sica: ajustes b\u00e1sicos de orientaci\u00f3n, encuadre, balance de color, etc.<\/li>\n<li>Post producci\u00f3n avanzada: recorte de im\u00e1genes (trazado por pluma), fondo transparente,\u00a0 correcci\u00f3n digital, composici\u00f3n por medio de componentes individuales, etc.<\/li>\n<\/ul>\n<p>[\/et_pb_blurb][\/et_pb_column][\/et_pb_row][et_pb_row][et_pb_column type=&#8221;4_4&#8243;][et_pb_gallery admin_label=&#8221;Galer\u00eda&#8221; gallery_ids=&#8221;340,339,341,338&#8243; fullwidth=&#8221;on&#8221; show_title_and_caption=&#8221;on&#8221; show_pagination=&#8221;on&#8221; background_layout=&#8221;light&#8221; auto=&#8221;off&#8221; hover_overlay_color=&#8221;rgba(255,255,255,0.9)&#8221; caption_all_caps=&#8221;off&#8221; use_border_color=&#8221;off&#8221; border_color=&#8221;#ffffff&#8221; border_style=&#8221;solid&#8221; \/][\/et_pb_column][\/et_pb_row][\/et_pb_section]<\/p>\n","protected":false},"excerpt":{"rendered":"<p>Im\u00e1genes de alta calidad Una buena imagen destaca las cualidad y prestigio de un producto <div class=\"et_pb_row et_pb_row_0 et_pb_row_empty\">\n\t\t\t\t\n\t\t\t\t\n\t\t\t\t\n\t\t\t\t\n\t\t\t\t\n\t\t\t<\/div>Nos especializamos en fotograf\u00eda de productos que ser\u00e1n utilizadas para impresi\u00f3n (formato papel) o digital (cat\u00e1logos y web). En nuestras instalaciones disponemos de un estudio fotogr\u00e1fico donde se realizan las sesiones. Tambi\u00e9n utilizamos equipos port\u00e1tiles para realizar sesiones a domicilio.Para [&hellip;]<\/p>\n","protected":false},"author":2,"featured_media":0,"parent":0,"menu_order":0,"comment_status":"closed","ping_status":"closed","template":"","meta":{"_et_pb_use_builder":"on","_et_pb_old_content":"","_et_gb_content_width":""},"_links":{"self":[{"href":"https:\/\/www.itecman.com\/web\/wp-json\/wp\/v2\/pages\/193"}],"collection":[{"href":"https:\/\/www.itecman.com\/web\/wp-json\/wp\/v2\/pages"}],"about":[{"href":"https:\/\/www.itecman.com\/web\/wp-json\/wp\/v2\/types\/page"}],"author":[{"embeddable":true,"href":"https:\/\/www.itecman.com\/web\/wp-json\/wp\/v2\/users\/2"}],"replies":[{"embeddable":true,"href":"https:\/\/www.itecman.com\/web\/wp-json\/wp\/v2\/comments?post=193"}],"version-history":[{"count":0,"href":"https:\/\/www.itecman.com\/web\/wp-json\/wp\/v2\/pages\/193\/revisions"}],"wp:attachment":[{"href":"https:\/\/www.itecman.com\/web\/wp-json\/wp\/v2\/media?parent=193"}],"curies":[{"name":"wp","href":"https:\/\/api.w.org\/{rel}","templated":true}]}}