{"id":175,"date":"2015-06-20T20:19:43","date_gmt":"2015-06-20T20:19:43","guid":{"rendered":"http:\/\/www.itecman.com\/web\/?page_id=175"},"modified":"2015-06-28T07:48:06","modified_gmt":"2015-06-28T07:48:06","slug":"proyectos","status":"publish","type":"page","link":"https:\/\/www.itecman.com\/web\/proyectos\/","title":{"rendered":"Proyectos"},"content":{"rendered":"<p>[et_pb_section fullwidth=&#8221;on&#8221; specialty=&#8221;off&#8221;][et_pb_fullwidth_slider admin_label=&#8221;Control deslizante de anchura completa&#8221; show_arrows=&#8221;on&#8221; show_pagination=&#8221;on&#8221; auto=&#8221;off&#8221; parallax=&#8221;off&#8221; parallax_method=&#8221;off&#8221; module_class=&#8221;mod-servicios&#8221; remove_inner_shadow=&#8221;off&#8221; background_position=&#8221;default&#8221; background_size=&#8221;default&#8221; hide_content_on_mobile=&#8221;off&#8221; hide_cta_on_mobile=&#8221;off&#8221; show_image_video_mobile=&#8221;off&#8221; custom_button=&#8221;off&#8221; button_letter_spacing=&#8221;0&#8243; button_use_icon=&#8221;default&#8221; button_icon_placement=&#8221;right&#8221; button_on_hover=&#8221;on&#8221; button_letter_spacing_hover=&#8221;0&#8243;][et_pb_slide heading=&#8221;Proyectos especiales&#8221; background_color=&#8221;#ffffff&#8221; image=&#8221;http:\/\/www.itecman.com\/web\/wp-content\/uploads\/2015\/06\/servicios-proyectos.jpg&#8221; alignment=&#8221;center&#8221; background_layout=&#8221;light&#8221; allow_player_pause=&#8221;off&#8221; background_position=&#8221;default&#8221; background_size=&#8221;default&#8221; header_font_select=&#8221;default&#8221; body_font_select=&#8221;default&#8221; custom_button=&#8221;off&#8221; button_font_select=&#8221;default&#8221; button_use_icon=&#8221;default&#8221; button_icon_placement=&#8221;right&#8221; button_on_hover=&#8221;on&#8221;]<\/p>\n<h4>Soluciones a medida<\/h4>\n<h6>Cada proyecto se define y analiza de forma \u00fanica<\/h6>\n<h6>estableciendo los recursos y medios para alcanzarel objetivo planteado<\/h6>\n<p>[\/et_pb_slide][\/et_pb_fullwidth_slider][\/et_pb_section][et_pb_section fullwidth=&#8221;off&#8221; specialty=&#8221;off&#8221;][et_pb_row][et_pb_column type=&#8221;1_2&#8243;][et_pb_blurb admin_label=&#8221;\u00bf Qu\u00e9 caracter\u00edsticas tiene un proyecto a medida ?&#8221; title=&#8221;\u00bf Qu\u00e9 caracter\u00edsticas tiene un proyecto a medida ?&#8221; url_new_window=&#8221;off&#8221; use_icon=&#8221;on&#8221; font_icon=&#8221;=&#8221; icon_color=&#8221;#81d742&#8243; use_circle=&#8221;off&#8221; circle_color=&#8221;#7EBEC5&#8243; use_circle_border=&#8221;off&#8221; circle_border_color=&#8221;#7EBEC5&#8243; icon_placement=&#8221;left&#8221; animation=&#8221;top&#8221; background_layout=&#8221;light&#8221; text_orientation=&#8221;left&#8221; use_icon_font_size=&#8221;off&#8221; use_border_color=&#8221;off&#8221; border_color=&#8221;#ffffff&#8221; border_style=&#8221;solid&#8221;]Mediante el sistema de proyectos a medida, es posible analizar y determinar claramente cual es el objetivo deseado y trazar el camino para alcanzarlo.<\/p>\n<p>Los proyectos podr\u00e1n ser desde la creaci\u00f3n de una aplicaci\u00f3n a medida, una pagina web, formaci\u00f3n de un departamento de la empresa, creaci\u00f3n de un catalogo digital, etc.[\/et_pb_blurb][et_pb_blurb admin_label=&#8221;Procedimientos de control&#8221; title=&#8221;Procedimientos de control&#8221; url_new_window=&#8221;off&#8221; use_icon=&#8221;on&#8221; font_icon=&#8221;=&#8221; icon_color=&#8221;#81d742&#8243; use_circle=&#8221;off&#8221; circle_color=&#8221;#7EBEC5&#8243; use_circle_border=&#8221;off&#8221; circle_border_color=&#8221;#7EBEC5&#8243; icon_placement=&#8221;left&#8221; animation=&#8221;top&#8221; background_layout=&#8221;light&#8221; text_orientation=&#8221;left&#8221;]Para verificar que los procedimientos funcionen tal como fueron dise\u00f1ados, es imprescindible establecer pautas de control que permitan confirmar su correcto funcionamiento o determinar las acciones que reparen el proceso. Realizar estos controles de forma adecuada, garantizan el \u00e9xito de los trabajos.[\/et_pb_blurb][\/et_pb_column][et_pb_column type=&#8221;1_2&#8243;][et_pb_blurb admin_label=&#8221;\u00bf Porqu\u00e9 cada proyecto es \u00fanico?&#8221; title=&#8221;\u00bf Porqu\u00e9 cada proyecto es \u00fanico?&#8221; url_new_window=&#8221;off&#8221; use_icon=&#8221;on&#8221; font_icon=&#8221;=&#8221; icon_color=&#8221;#81d742&#8243; use_circle=&#8221;off&#8221; circle_color=&#8221;#7EBEC5&#8243; use_circle_border=&#8221;off&#8221; circle_border_color=&#8221;#7EBEC5&#8243; icon_placement=&#8221;left&#8221; animation=&#8221;top&#8221; background_layout=&#8221;light&#8221; text_orientation=&#8221;left&#8221; use_icon_font_size=&#8221;off&#8221; use_border_color=&#8221;off&#8221; border_color=&#8221;#ffffff&#8221; border_style=&#8221;solid&#8221;]Debido a la cantidad de factores que intervienen en cada proyecto, lo convierten en \u00fanico. En cada caso se determinar\u00e1 el tiempo de ejecuci\u00f3n y los recursos necesarios, estableciendo un plan detallado de actividades, control de tiempos y etapas.[\/et_pb_blurb][et_pb_blurb admin_label=&#8221;Representaci\u00f3n ante terceros&#8221; title=&#8221;Representaci\u00f3n ante terceros&#8221; url_new_window=&#8221;off&#8221; use_icon=&#8221;on&#8221; font_icon=&#8221;=&#8221; icon_color=&#8221;#81d742&#8243; use_circle=&#8221;off&#8221; circle_color=&#8221;#7EBEC5&#8243; use_circle_border=&#8221;off&#8221; circle_border_color=&#8221;#7EBEC5&#8243; icon_placement=&#8221;left&#8221; animation=&#8221;top&#8221; background_layout=&#8221;light&#8221; text_orientation=&#8221;left&#8221;]AIBCN actuar\u00e1 como intermediario ante terceras personas, en temas relacionados a inform\u00e1tica, permitiendo una mejor comunicaci\u00f3n entre el cliente y sus prestadores de servicios, evitando de esta forma los problemas ocasionados por falta de conocimientos t\u00e9cnicos. En estos casos un representante de AIBCN se encargar\u00e1 de las gestiones pertinentes en temas t\u00e9cnicos o en aquellos inconvenientes que est\u00e9n fuera del alcance de los conocimientos de nuestros clientes.[\/et_pb_blurb][\/et_pb_column][\/et_pb_row][\/et_pb_section]<\/p>\n","protected":false},"excerpt":{"rendered":"<p>Soluciones a medida Cada proyecto se define y analiza de forma \u00fanica estableciendo los recursos y medios para alcanzarel objetivo planteado <div class=\"et_pb_row et_pb_row_0 et_pb_row_empty\">\n\t\t\t\t\n\t\t\t\t\n\t\t\t\t\n\t\t\t\t\n\t\t\t\t\n\t\t\t<\/div>Mediante el sistema de proyectos a medida, es posible analizar y determinar claramente cual es el objetivo deseado y trazar el camino para alcanzarlo. Los proyectos podr\u00e1n ser desde la creaci\u00f3n de una aplicaci\u00f3n [&hellip;]<\/p>\n","protected":false},"author":2,"featured_media":0,"parent":0,"menu_order":0,"comment_status":"closed","ping_status":"closed","template":"","meta":{"_et_pb_use_builder":"on","_et_pb_old_content":"","_et_gb_content_width":""},"_links":{"self":[{"href":"https:\/\/www.itecman.com\/web\/wp-json\/wp\/v2\/pages\/175"}],"collection":[{"href":"https:\/\/www.itecman.com\/web\/wp-json\/wp\/v2\/pages"}],"about":[{"href":"https:\/\/www.itecman.com\/web\/wp-json\/wp\/v2\/types\/page"}],"author":[{"embeddable":true,"href":"https:\/\/www.itecman.com\/web\/wp-json\/wp\/v2\/users\/2"}],"replies":[{"embeddable":true,"href":"https:\/\/www.itecman.com\/web\/wp-json\/wp\/v2\/comments?post=175"}],"version-history":[{"count":0,"href":"https:\/\/www.itecman.com\/web\/wp-json\/wp\/v2\/pages\/175\/revisions"}],"wp:attachment":[{"href":"https:\/\/www.itecman.com\/web\/wp-json\/wp\/v2\/media?parent=175"}],"curies":[{"name":"wp","href":"https:\/\/api.w.org\/{rel}","templated":true}]}}