{"id":160,"date":"2015-03-09T07:20:07","date_gmt":"2015-03-09T07:20:07","guid":{"rendered":"http:\/\/www.itecman.com\/web\/?page_id=160"},"modified":"2020-09-25T10:07:00","modified_gmt":"2020-09-25T10:07:00","slug":"asistencia-remota","status":"publish","type":"page","link":"https:\/\/www.itecman.com\/web\/asistencia-remota\/","title":{"rendered":"Asistencia Remota"},"content":{"rendered":"<p>[et_pb_section fb_built=&#8221;1&#8243; fullwidth=&#8221;on&#8221; _builder_version=&#8221;3.22.3&#8243;][et_pb_fullwidth_slider admin_label=&#8221;Control deslizante de anchura completa&#8221; module_class=&#8221;mod-servicios&#8221; _builder_version=&#8221;3.16&#8243; custom_padding=&#8221;|||&#8221; custom_padding_tablet=&#8221;|||&#8221; custom_padding_phone=&#8221;|||&#8221; box_shadow_style=&#8221;preset6&#8243; box_shadow_blur=&#8221;10px&#8221; box_shadow_color=&#8221;rgba(0,0,0,0.1)&#8221; show_inner_shadow=&#8221;on&#8221; button_text_size__hover_enabled=&#8221;off&#8221; button_one_text_size__hover_enabled=&#8221;off&#8221; button_two_text_size__hover_enabled=&#8221;off&#8221; button_text_color__hover_enabled=&#8221;off&#8221; button_one_text_color__hover_enabled=&#8221;off&#8221; button_two_text_color__hover_enabled=&#8221;off&#8221; button_border_width__hover_enabled=&#8221;off&#8221; button_one_border_width__hover_enabled=&#8221;off&#8221; button_two_border_width__hover_enabled=&#8221;off&#8221; button_border_color__hover_enabled=&#8221;off&#8221; button_one_border_color__hover_enabled=&#8221;off&#8221; button_two_border_color__hover_enabled=&#8221;off&#8221; button_border_radius__hover_enabled=&#8221;off&#8221; button_one_border_radius__hover_enabled=&#8221;off&#8221; button_two_border_radius__hover_enabled=&#8221;off&#8221; button_letter_spacing__hover_enabled=&#8221;off&#8221; button_one_letter_spacing__hover_enabled=&#8221;off&#8221; button_two_letter_spacing__hover_enabled=&#8221;off&#8221; button_bg_color__hover_enabled=&#8221;off&#8221; button_one_bg_color__hover_enabled=&#8221;off&#8221; button_two_bg_color__hover_enabled=&#8221;off&#8221;][et_pb_slide heading=&#8221;Asistencia Remota&#8221; image=&#8221;http:\/\/www.itecman.com\/web\/wp-content\/uploads\/2015\/03\/servicios-asistencia-remota.jpg&#8221; _builder_version=&#8221;3.16&#8243; background_color=&#8221;#ffffff&#8221; background_layout=&#8221;light&#8221; button_text_size__hover_enabled=&#8221;off&#8221; button_one_text_size__hover_enabled=&#8221;off&#8221; button_two_text_size__hover_enabled=&#8221;off&#8221; button_text_color__hover_enabled=&#8221;off&#8221; button_one_text_color__hover_enabled=&#8221;off&#8221; button_two_text_color__hover_enabled=&#8221;off&#8221; button_border_width__hover_enabled=&#8221;off&#8221; button_one_border_width__hover_enabled=&#8221;off&#8221; button_two_border_width__hover_enabled=&#8221;off&#8221; button_border_color__hover_enabled=&#8221;off&#8221; button_one_border_color__hover_enabled=&#8221;off&#8221; button_two_border_color__hover_enabled=&#8221;off&#8221; button_border_radius__hover_enabled=&#8221;off&#8221; button_one_border_radius__hover_enabled=&#8221;off&#8221; button_two_border_radius__hover_enabled=&#8221;off&#8221; button_letter_spacing__hover_enabled=&#8221;off&#8221; button_one_letter_spacing__hover_enabled=&#8221;off&#8221; button_two_letter_spacing__hover_enabled=&#8221;off&#8221; button_bg_color__hover_enabled=&#8221;off&#8221; button_one_bg_color__hover_enabled=&#8221;off&#8221; button_two_bg_color__hover_enabled=&#8221;off&#8221; sticky_transition=&#8221;on&#8221;]<\/p>\n<h4>Soluciones a distancia<\/h4>\n<h6>Controlamos remotamente t\u00fa ordenador a trav\u00e9s de internet<\/h6>\n<p>[\/et_pb_slide][\/et_pb_fullwidth_slider][\/et_pb_section][et_pb_section fb_built=&#8221;1&#8243; _builder_version=&#8221;3.22.3&#8243; custom_margin=&#8221;||-30px|||&#8221;][et_pb_row column_structure=&#8221;1_2,1_2&#8243; _builder_version=&#8221;3.25&#8243; background_size=&#8221;initial&#8221; background_position=&#8221;top_left&#8221; background_repeat=&#8221;repeat&#8221;][et_pb_column type=&#8221;1_2&#8243; _builder_version=&#8221;3.25&#8243; custom_padding=&#8221;|||&#8221; custom_padding__hover=&#8221;|||&#8221;][et_pb_blurb title=&#8221;\u00bf Qu\u00e9 es una asistencia remota ?&#8221; use_icon=&#8221;on&#8221; font_icon=&#8221;=&#8221; icon_color=&#8221;#81d742&#8243; icon_placement=&#8221;left&#8221; admin_label=&#8221;\u00bf Qu\u00e9 es una asistencia remota ?&#8221; _builder_version=&#8221;3.0.87&#8243; background_size=&#8221;initial&#8221; background_position=&#8221;top_left&#8221; background_repeat=&#8221;repeat&#8221; use_border_color=&#8221;off&#8221; border_color=&#8221;#ffffff&#8221; border_style=&#8221;solid&#8221;]Mediante el uso de la aplicaci\u00f3n &#8220;TeamViewer&#8221; a trav\u00e9s de Internet, se podr\u00e1 acceder al ordenador de un cliente para realizar todo tipo de gestiones preventivas y correctivas, obteniendo una soluci\u00f3n inmediata a sus requerimientos. Tambi\u00e9n es posible realizar operaciones de mantenimiento programadas, fuera del horario habitual de trabajo para hacer copias de seguridad, instalaciones de software, etc<br \/>\n[\/et_pb_blurb][et_pb_blurb title=&#8221;\u00bf C\u00f3mo puedo utilizar este servicio ?&#8221; use_icon=&#8221;on&#8221; font_icon=&#8221;=&#8221; icon_color=&#8221;#81d742&#8243; icon_placement=&#8221;left&#8221; admin_label=&#8221;\u00bf Qu\u00e9 es una asistencia remota ?&#8221; _builder_version=&#8221;3.0.87&#8243; background_size=&#8221;initial&#8221; background_position=&#8221;top_left&#8221; background_repeat=&#8221;repeat&#8221; use_border_color=&#8221;off&#8221; border_color=&#8221;#ffffff&#8221; border_style=&#8221;solid&#8221;]Deber\u00e1s solicitar este servicio por tel\u00e9fono o email, especificando cual es el problema. Un t\u00e9cnico de AIBCN se pondr\u00e1 en contacto para realizar la asistencia.<br \/>\n[\/et_pb_blurb][\/et_pb_column][et_pb_column type=&#8221;1_2&#8243; _builder_version=&#8221;3.25&#8243; custom_padding=&#8221;|||&#8221; custom_padding__hover=&#8221;|||&#8221;][et_pb_blurb title=&#8221;\u00bf C\u00f3mo realizo una conexi\u00f3n remota ?&#8221; use_icon=&#8221;on&#8221; font_icon=&#8221;=&#8221; icon_color=&#8221;#81d742&#8243; icon_placement=&#8221;left&#8221; admin_label=&#8221;An\u00e1lisis de procesos&#8221; _builder_version=&#8221;3.0.87&#8243; background_size=&#8221;initial&#8221; background_position=&#8221;top_left&#8221; background_repeat=&#8221;repeat&#8221; use_border_color=&#8221;off&#8221; border_color=&#8221;#ffffff&#8221; border_style=&#8221;solid&#8221;]Es necesario disponer de acceso a Internet para utilizar este servicio. Deber\u00e1s descargar la aplicaci\u00f3n gratuita &#8220;TeamViewever&#8221; para tu sistema operativo (Mac, PC o Linux). Una vez instalada se genera un identificador \u00fanico para cada ordenador y una contrase\u00f1a de forma aleatoria. Comunicando estos datos a nuestros t\u00e9cnicos, accederemos de forma remota a tu ordenador.<br \/>\n[\/et_pb_blurb][et_pb_blurb title=&#8221;\u00bf C\u00f3mo se fracciona el tiempo de uso ?&#8221; use_icon=&#8221;on&#8221; font_icon=&#8221;=&#8221; icon_color=&#8221;#81d742&#8243; icon_placement=&#8221;left&#8221; admin_label=&#8221;\u00bf C\u00f3mo se fracciona el tiempo de uso ?&#8221; _builder_version=&#8221;3.0.87&#8243; background_size=&#8221;initial&#8221; background_position=&#8221;top_left&#8221; background_repeat=&#8221;repeat&#8221; use_border_color=&#8221;off&#8221; border_color=&#8221;#ffffff&#8221; border_style=&#8221;solid&#8221;]Cada m\u00f3dulo de acceso de remoto es de 30 minutos. Al finalizar la asistencia se enviar\u00e1 un parte con el informe de los trabajos realizados y la cantidad de m\u00f3dulos consumidos.<br \/>\n[\/et_pb_blurb][\/et_pb_column][\/et_pb_row][\/et_pb_section][et_pb_section fb_built=&#8221;1&#8243; _builder_version=&#8221;4.6.4&#8243; _module_preset=&#8221;default&#8221; custom_padding=&#8221;18px||11px|||&#8221;][et_pb_row _builder_version=&#8221;4.6.4&#8243; _module_preset=&#8221;default&#8221; custom_margin=&#8221;|auto|-13px|auto||&#8221;][et_pb_column _builder_version=&#8221;4.6.4&#8243; _module_preset=&#8221;default&#8221; type=&#8221;4_4&#8243;][et_pb_text _builder_version=&#8221;4.6.4&#8243; _module_preset=&#8221;default&#8221; animation_style=&#8221;fade&#8221; animation_direction=&#8221;right&#8221; hover_enabled=&#8221;0&#8243; sticky_enabled=&#8221;0&#8243;]<\/p>\n<h2 style=\"text-align: center;\">Descargar aplicaciones para asistencia remota<\/h2>\n<p>[\/et_pb_text][\/et_pb_column][\/et_pb_row][\/et_pb_section][et_pb_section fb_built=&#8221;1&#8243; _builder_version=&#8221;4.6.4&#8243; _module_preset=&#8221;default&#8221; custom_padding=&#8221;28px|||||&#8221;][et_pb_row _builder_version=&#8221;4.6.4&#8243; _module_preset=&#8221;default&#8221; column_structure=&#8221;1_3,1_3,1_3&#8243;][et_pb_column _builder_version=&#8221;4.6.4&#8243; _module_preset=&#8221;default&#8221; type=&#8221;1_3&#8243;][et_pb_blurb title=&#8221;Team Viewer &#8211; Quick Suport&#8221; image=&#8221;http:\/\/www.itecman.com\/web\/wp-content\/uploads\/2020\/09\/quick_suport-1.jpg&#8221; _builder_version=&#8221;4.6.4&#8243; _module_preset=&#8221;default&#8221; title_text=&#8221;quick_suport&#8221; hover_enabled=&#8221;0&#8243; sticky_enabled=&#8221;0&#8243; url=&#8221;https:\/\/go.teamviewer.com\/sctv-qj&#8221; link_option_url_new_window=&#8221;on&#8221; url_new_window=&#8221;on&#8221; animation_style=&#8221;slide&#8221; animation_direction=&#8221;left&#8221;]<\/p>\n<p>Descarga Team Viewer Quick Suport: un m\u00f3dulo\u00a0 cliente muy compacto que no requiere instalaci\u00f3n ni derechos de administrador en el ordenador remoto: <em>ideal para el soporte inmediato<\/em><\/p>\n<p>[\/et_pb_blurb][\/et_pb_column][et_pb_column _builder_version=&#8221;4.6.4&#8243; _module_preset=&#8221;default&#8221; type=&#8221;1_3&#8243;][et_pb_blurb title=&#8221;Team Viewer &#8211; Host&#8221; image=&#8221;http:\/\/www.itecman.com\/web\/wp-content\/uploads\/2020\/09\/host.jpg&#8221; _builder_version=&#8221;4.6.4&#8243; _module_preset=&#8221;default&#8221; title_text=&#8221;quick_suport&#8221; hover_enabled=&#8221;0&#8243; sticky_enabled=&#8221;0&#8243; url=&#8221;https:\/\/get.teamviewer.com\/sctv-host&#8221; url_new_window=&#8221;on&#8221; link_option_url=&#8221;https:\/\/get.teamviewer.com\/sctv-host&#8221; animation_style=&#8221;slide&#8221; animation_direction=&#8221;top&#8221;]<\/p>\n<p>Descarga Team Viewer &#8211;\u00a0 Host:\u00a0<span style=\"font-size: 14px;\">Mediante la instalaci\u00f3n de este m\u00f3dulo nuestros t\u00e9cnicos tendr\u00e1n acceso de forma desantedida.<br \/> <em>(Ideal para gesti\u00f3n y administraci\u00f3n remota)<\/em><\/span><\/p>\n<p><span style=\"font-size: 14px;\"><\/span><\/p>\n<p>[\/et_pb_blurb][\/et_pb_column][et_pb_column _builder_version=&#8221;4.6.4&#8243; _module_preset=&#8221;default&#8221; type=&#8221;1_3&#8243;][et_pb_blurb title=&#8221;Zoom&#8221; image=&#8221;http:\/\/www.itecman.com\/web\/wp-content\/uploads\/2020\/09\/zoom.jpg&#8221; _builder_version=&#8221;4.6.4&#8243; _module_preset=&#8221;default&#8221; title_text=&#8221;quick_suport&#8221; hover_enabled=&#8221;0&#8243; sticky_enabled=&#8221;0&#8243; url=&#8221;https:\/\/zoom.us\/download&#8221; url_new_window=&#8221;on&#8221; animation_style=&#8221;slide&#8221; animation_direction=&#8221;right&#8221;]<\/p>\n<p>Descarga Zoom para acceder a un reuni\u00f3n, webinar o formaci\u00f3n privada<\/p>\n<p><span style=\"font-size: 14px;\"><\/span><\/p>\n<p>[\/et_pb_blurb][\/et_pb_column][\/et_pb_row][\/et_pb_section]<\/p>\n","protected":false},"excerpt":{"rendered":"<p>Soluciones a distancia Controlamos remotamente t\u00fa ordenador a trav\u00e9s de internet Mediante el uso de la aplicaci\u00f3n &#8220;TeamViewer&#8221; a trav\u00e9s de Internet, se podr\u00e1 acceder al ordenador de un cliente para realizar todo tipo de gestiones preventivas y correctivas, obteniendo una soluci\u00f3n inmediata a sus requerimientos. Tambi\u00e9n es posible realizar operaciones de mantenimiento programadas, fuera [&hellip;]<\/p>\n","protected":false},"author":2,"featured_media":0,"parent":0,"menu_order":0,"comment_status":"closed","ping_status":"closed","template":"","meta":{"_et_pb_use_builder":"on","_et_pb_old_content":"","_et_gb_content_width":""},"_links":{"self":[{"href":"https:\/\/www.itecman.com\/web\/wp-json\/wp\/v2\/pages\/160"}],"collection":[{"href":"https:\/\/www.itecman.com\/web\/wp-json\/wp\/v2\/pages"}],"about":[{"href":"https:\/\/www.itecman.com\/web\/wp-json\/wp\/v2\/types\/page"}],"author":[{"embeddable":true,"href":"https:\/\/www.itecman.com\/web\/wp-json\/wp\/v2\/users\/2"}],"replies":[{"embeddable":true,"href":"https:\/\/www.itecman.com\/web\/wp-json\/wp\/v2\/comments?post=160"}],"version-history":[{"count":17,"href":"https:\/\/www.itecman.com\/web\/wp-json\/wp\/v2\/pages\/160\/revisions"}],"predecessor-version":[{"id":1301,"href":"https:\/\/www.itecman.com\/web\/wp-json\/wp\/v2\/pages\/160\/revisions\/1301"}],"wp:attachment":[{"href":"https:\/\/www.itecman.com\/web\/wp-json\/wp\/v2\/media?parent=160"}],"curies":[{"name":"wp","href":"https:\/\/api.w.org\/{rel}","templated":true}]}}