{"id":151,"date":"2015-03-08T08:56:53","date_gmt":"2015-03-08T08:56:53","guid":{"rendered":"http:\/\/www.itecman.com\/web\/?page_id=151"},"modified":"2016-06-17T16:37:25","modified_gmt":"2016-06-17T16:37:25","slug":"asistencia-tecnica","status":"publish","type":"page","link":"https:\/\/www.itecman.com\/web\/asistencia-tecnica\/","title":{"rendered":"Asistencia t\u00e9cnica"},"content":{"rendered":"<p>[et_pb_section admin_label=&#8221;section&#8221; fullwidth=&#8221;on&#8221; specialty=&#8221;off&#8221;][et_pb_fullwidth_slider admin_label=&#8221;Asistencia t\u00e9cnica&#8221; show_arrows=&#8221;on&#8221; show_pagination=&#8221;on&#8221; auto=&#8221;off&#8221; parallax=&#8221;off&#8221; parallax_method=&#8221;off&#8221; module_class=&#8221;mod-servicios&#8221; remove_inner_shadow=&#8221;off&#8221; background_position=&#8221;default&#8221; background_size=&#8221;default&#8221; hide_content_on_mobile=&#8221;off&#8221; hide_cta_on_mobile=&#8221;off&#8221; show_image_video_mobile=&#8221;off&#8221; custom_button=&#8221;off&#8221; button_letter_spacing=&#8221;0&#8243; button_use_icon=&#8221;default&#8221; button_icon_placement=&#8221;right&#8221; button_on_hover=&#8221;on&#8221; button_letter_spacing_hover=&#8221;0&#8243;] [et_pb_slide heading=&#8221;Asistencia T\u00e9cnica&#8221; background_color=&#8221;#ffffff&#8221; image=&#8221;http:\/\/www.itecman.com\/web\/wp-content\/uploads\/2015\/03\/servicios-asistencia-tecnica.jpg&#8221; alignment=&#8221;center&#8221; background_layout=&#8221;light&#8221; allow_player_pause=&#8221;off&#8221; background_position=&#8221;default&#8221; background_size=&#8221;default&#8221; header_font_select=&#8221;default&#8221; body_font_select=&#8221;default&#8221; custom_button=&#8221;off&#8221; button_font_select=&#8221;default&#8221; button_use_icon=&#8221;default&#8221; button_icon_placement=&#8221;right&#8221; button_on_hover=&#8221;on&#8221;]<\/p>\n<h4>\u00bfNecesitas ayudas ?<\/h4>\n<h6>Cuando tengas un problema inform\u00e1tico<br \/>\nconf\u00eda es nuestro equipo de profesionales<br \/>\nque te brindar\u00e1n una \u00f3ptima soluci\u00f3n<\/h6>\n<p>[\/et_pb_slide] [\/et_pb_fullwidth_slider][\/et_pb_section][et_pb_section admin_label=&#8221;section&#8221; fullwidth=&#8221;off&#8221; specialty=&#8221;off&#8221;][et_pb_row admin_label=&#8221;row&#8221;][et_pb_column type=&#8221;1_2&#8243;][et_pb_blurb admin_label=&#8221;Servicio t\u00e9cnico a domicilio&#8221; title=&#8221;Servicio t\u00e9cnico a domicilio&#8221; url_new_window=&#8221;off&#8221; use_icon=&#8221;on&#8221; font_icon=&#8221;=&#8221; icon_color=&#8221;#81d742&#8243; use_circle=&#8221;off&#8221; circle_color=&#8221;#7EBEC5&#8243; use_circle_border=&#8221;off&#8221; circle_border_color=&#8221;#7EBEC5&#8243; icon_placement=&#8221;left&#8221; animation=&#8221;top&#8221; background_layout=&#8221;light&#8221; text_orientation=&#8221;left&#8221; use_icon_font_size=&#8221;off&#8221; use_border_color=&#8221;off&#8221; border_color=&#8221;#ffffff&#8221; border_style=&#8221;solid&#8221; header_font_size=&#8221;18&#8243; body_font_size=&#8221;14&#8243;]<\/p>\n<p>AIBCN cuenta con un equipo de profesionales que te asistir\u00e1n en t\u00fa domicilio. En caso de producirse alg\u00fan inconveniente en tus sistemas inform\u00e1ticos, un especialista acudir\u00e1 y realizar\u00e1 la reparaci\u00f3n insitu. Si la complejidad del problema es mayor, se trasladar\u00e1 el equipo inform\u00e1tico a nuestras oficinas para efectuar la reparaci\u00f3n. Una vez terminada se proceder\u00e1 al traslado del equipo reparado y la instalaci\u00f3n en el cliente.<\/p>\n<p>[\/et_pb_blurb][et_pb_blurb admin_label=&#8221;Mantenimiento preventivo&#8221; title=&#8221;Mantenimiento preventivo&#8221; url_new_window=&#8221;off&#8221; use_icon=&#8221;on&#8221; font_icon=&#8221;=&#8221; icon_color=&#8221;#81d742&#8243; use_circle=&#8221;off&#8221; circle_color=&#8221;#7EBEC5&#8243; use_circle_border=&#8221;off&#8221; circle_border_color=&#8221;#7EBEC5&#8243; icon_placement=&#8221;left&#8221; animation=&#8221;top&#8221; background_layout=&#8221;light&#8221; text_orientation=&#8221;left&#8221; use_icon_font_size=&#8221;off&#8221; use_border_color=&#8221;off&#8221; border_color=&#8221;#ffffff&#8221; border_style=&#8221;solid&#8221;] Es el procedimiento mediante el cual se realizan un conjunto de operaciones necesarias para el correcto funcionamiento de los sistemas inform\u00e1ticos. Mediante estos procesos podemos garantizar una \u00f3ptima performance del rendimiento de todos los componentes de su sistema. El diagn\u00f3stico t\u00e9cnico nos permitir\u00e1 detectar el estado de los componentes y determinar cuales necesitan ser reemplazados. [\/et_pb_blurb][\/et_pb_column][et_pb_column type=&#8221;1_2&#8243;][et_pb_blurb admin_label=&#8221;Asistencia remota&#8221; title=&#8221;Asistencia remota&#8221; url_new_window=&#8221;off&#8221; use_icon=&#8221;on&#8221; font_icon=&#8221;=&#8221; icon_color=&#8221;#81d742&#8243; use_circle=&#8221;off&#8221; circle_color=&#8221;#7EBEC5&#8243; use_circle_border=&#8221;off&#8221; circle_border_color=&#8221;#7EBEC5&#8243; icon_placement=&#8221;left&#8221; animation=&#8221;top&#8221; background_layout=&#8221;light&#8221; text_orientation=&#8221;left&#8221; use_icon_font_size=&#8221;off&#8221; use_border_color=&#8221;off&#8221; border_color=&#8221;#ffffff&#8221; border_style=&#8221;solid&#8221;] Mediante el uso de aplicaciones especificas &#8220;TeamViewer&#8221; a trav\u00e9s de internet, se podr\u00e1 acceder al ordenador de cliente para realizar todo tipo de gestiones preventivas y correctivas, obteniendo una soluci\u00f3n inmediata a sus requerimientos. Tambi\u00e9n es posible realizar operaciones de mantenimiento, copias de seguridad, instalaciones de software, etc. [\/et_pb_blurb][et_pb_blurb admin_label=&#8221;Seguridad de su informaci\u00f3n&#8221; title=&#8221;Seguridad de su informaci\u00f3n&#8221; url_new_window=&#8221;off&#8221; use_icon=&#8221;on&#8221; font_icon=&#8221;=&#8221; icon_color=&#8221;#81d742&#8243; use_circle=&#8221;off&#8221; circle_color=&#8221;#7EBEC5&#8243; use_circle_border=&#8221;off&#8221; circle_border_color=&#8221;#7EBEC5&#8243; icon_placement=&#8221;left&#8221; animation=&#8221;top&#8221; background_layout=&#8221;light&#8221; text_orientation=&#8221;left&#8221; use_icon_font_size=&#8221;off&#8221; use_border_color=&#8221;off&#8221; border_color=&#8221;#ffffff&#8221; border_style=&#8221;solid&#8221;] Un sistema de copia de seguridad est\u00e1 compuesto por diversos elementos y procedimientos. La implementaci\u00f3n de dichos sistemas, asegura que nuestros archivos est\u00e9n siempre resguardados y en caso de p\u00e9rdida o da\u00f1os realizar un procedimiento para poder recuperarlos. Existen diversos medios para el almacenamiento: copias en la nube, servidores propios, discos duros externos, DVD, tarjetas de memorias, servicios FTP, etc. Seg\u00fan las necesidades de cada cliente, se instalar\u00e1 el m\u00e9todo m\u00e1s adecuado. [\/et_pb_blurb][\/et_pb_column][\/et_pb_row][\/et_pb_section]<\/p>\n","protected":false},"excerpt":{"rendered":"<p>\u00bfNecesitas ayudas ? Cuando tengas un problema inform\u00e1tico conf\u00eda es nuestro equipo de profesionales que te brindar\u00e1n una \u00f3ptima soluci\u00f3n AIBCN cuenta con un equipo de profesionales que te asistir\u00e1n en t\u00fa domicilio. En caso de producirse alg\u00fan inconveniente en tus sistemas inform\u00e1ticos, un especialista acudir\u00e1 y realizar\u00e1 la reparaci\u00f3n insitu. Si la complejidad del [&hellip;]<\/p>\n","protected":false},"author":2,"featured_media":0,"parent":0,"menu_order":0,"comment_status":"closed","ping_status":"closed","template":"","meta":{"_et_pb_use_builder":"on","_et_pb_old_content":"","_et_gb_content_width":""},"_links":{"self":[{"href":"https:\/\/www.itecman.com\/web\/wp-json\/wp\/v2\/pages\/151"}],"collection":[{"href":"https:\/\/www.itecman.com\/web\/wp-json\/wp\/v2\/pages"}],"about":[{"href":"https:\/\/www.itecman.com\/web\/wp-json\/wp\/v2\/types\/page"}],"author":[{"embeddable":true,"href":"https:\/\/www.itecman.com\/web\/wp-json\/wp\/v2\/users\/2"}],"replies":[{"embeddable":true,"href":"https:\/\/www.itecman.com\/web\/wp-json\/wp\/v2\/comments?post=151"}],"version-history":[{"count":4,"href":"https:\/\/www.itecman.com\/web\/wp-json\/wp\/v2\/pages\/151\/revisions"}],"predecessor-version":[{"id":1152,"href":"https:\/\/www.itecman.com\/web\/wp-json\/wp\/v2\/pages\/151\/revisions\/1152"}],"wp:attachment":[{"href":"https:\/\/www.itecman.com\/web\/wp-json\/wp\/v2\/media?parent=151"}],"curies":[{"name":"wp","href":"https:\/\/api.w.org\/{rel}","templated":true}]}}