{"id":140,"date":"2015-03-08T08:38:00","date_gmt":"2015-03-08T08:38:00","guid":{"rendered":"http:\/\/www.itecman.com\/web\/?page_id=140"},"modified":"2015-07-11T19:15:58","modified_gmt":"2015-07-11T19:15:58","slug":"formacion-personalizada","status":"publish","type":"page","link":"https:\/\/www.itecman.com\/web\/formacion-personalizada\/","title":{"rendered":"Formaci\u00f3n personalizada"},"content":{"rendered":"<p>[et_pb_section fullwidth=&#8221;on&#8221; specialty=&#8221;off&#8221;][et_pb_fullwidth_slider admin_label=&#8221;Control deslizante de anchura completa&#8221; show_arrows=&#8221;on&#8221; show_pagination=&#8221;on&#8221; auto=&#8221;off&#8221; parallax=&#8221;off&#8221; parallax_method=&#8221;off&#8221; module_class=&#8221;mod-servicios&#8221;][et_pb_slide heading=&#8221;Formaci\u00f3n personalizada&#8221; background_color=&#8221;#ffffff&#8221; image=&#8221;http:\/\/www.itecman.com\/web\/wp-content\/uploads\/2015\/03\/servicios-formacion.jpg&#8221; alignment=&#8221;center&#8221; background_layout=&#8221;light&#8221; allow_player_pause=&#8221;off&#8221;]<\/p>\n<h4>Aprender nunca fue tan f\u00e1cil<\/h4>\n<h6>Aprende de forma totalmente audiovisual<br \/>\nEstudio donde y cuando quieras<br \/>\nProcedimientos paso a paso<br \/>\nMaterial de referencia<\/h6>\n<p>[\/et_pb_slide][\/et_pb_fullwidth_slider][\/et_pb_section][et_pb_section fullwidth=&#8221;off&#8221; specialty=&#8221;off&#8221;][et_pb_row][et_pb_column type=&#8221;1_3&#8243;][et_pb_blurb admin_label=&#8221;Sistema de video tutoriales (Screencast)&#8221; title=&#8221;Sistema de video tutoriales (Screencast)&#8221; url_new_window=&#8221;off&#8221; use_icon=&#8221;on&#8221; font_icon=&#8221;=&#8221; icon_color=&#8221;#81d742&#8243; use_circle=&#8221;off&#8221; circle_color=&#8221;#7EBEC5&#8243; use_circle_border=&#8221;off&#8221; circle_border_color=&#8221;#7EBEC5&#8243; icon_placement=&#8221;left&#8221; animation=&#8221;top&#8221; background_layout=&#8221;light&#8221; text_orientation=&#8221;left&#8221;]Mediante este sistema se establecen claramente los objetivos que se desean alcanzar con la formaci\u00f3n. Utilizando sistemas multimediales, se grabar\u00e1 la actividad de pantalla incorporando las instrucciones por voz y efectos visuales de los procedimientos concretos para realizar un proceso, por ejemplo, enviar documentos adjuntos en un email, reducir el tama\u00f1o de una imagen, creaci\u00f3n de tablas en excel, etc. Estos videos tutoriales quedar\u00e1n instalados en el ordenador del cliente para poder visualizarlos en cualquier momento. Este m\u00e9todo es aplicable tanto a usuarios sin experiencia como tambi\u00e9n a los m\u00e1s avanzados, garantizando una r\u00e1pida y eficaz incorporaci\u00f3n de conocimientos.[\/et_pb_blurb][\/et_pb_column][et_pb_column type=&#8221;1_3&#8243;][et_pb_blurb admin_label=&#8221;Planes de estudio a medida&#8221; title=&#8221;Planes de estudio a medida&#8221; url_new_window=&#8221;off&#8221; use_icon=&#8221;on&#8221; font_icon=&#8221;=&#8221; icon_color=&#8221;#81d742&#8243; use_circle=&#8221;off&#8221; circle_color=&#8221;#7EBEC5&#8243; use_circle_border=&#8221;off&#8221; circle_border_color=&#8221;#7EBEC5&#8243; icon_placement=&#8221;left&#8221; animation=&#8221;top&#8221; background_layout=&#8221;light&#8221; text_orientation=&#8221;left&#8221;]Este sistema de formaci\u00f3n tiene como ventaja comparativa, evitar la p\u00e9rdida de tiempo en aprender a utilizar funciones innecesarias y centrarnos solo en los procesos productivos.[\/et_pb_blurb][et_pb_blurb admin_label=&#8221;Planes de estudio a medida&#8221; title=&#8221;Webinar privados&#8221; url_new_window=&#8221;off&#8221; use_icon=&#8221;on&#8221; font_icon=&#8221;=&#8221; icon_color=&#8221;#81d742&#8243; use_circle=&#8221;off&#8221; circle_color=&#8221;#7EBEC5&#8243; use_circle_border=&#8221;off&#8221; circle_border_color=&#8221;#7EBEC5&#8243; icon_placement=&#8221;left&#8221; animation=&#8221;top&#8221; background_layout=&#8221;light&#8221; text_orientation=&#8221;left&#8221; use_icon_font_size=&#8221;off&#8221; use_border_color=&#8221;off&#8221; border_color=&#8221;#ffffff&#8221; border_style=&#8221;solid&#8221;]<\/p>\n<p>A trav\u00e9s del sistema de webinar, se realizar\u00e1 una conferencia online privada con una cantidad m\u00e1xima de 25 personas. Se realizan talleres pr\u00e1ctico donde los participantes podr\u00e1n efectuar preguntas e interactuar entre el grupo. Este tipo de servicios se realiza por subscripci\u00f3n a cada taller que presentamos. Tambi\u00e9n puedes solicitar un taller especifico para t\u00fa area de trabajo.<\/p>\n<p>[\/et_pb_blurb][\/et_pb_column][et_pb_column type=&#8221;1_3&#8243;][et_pb_blurb admin_label=&#8221;Formaci\u00f3n grupal o individual&#8221; title=&#8221;Formaci\u00f3n grupal o individual&#8221; url_new_window=&#8221;off&#8221; use_icon=&#8221;on&#8221; font_icon=&#8221;=&#8221; icon_color=&#8221;#81d742&#8243; use_circle=&#8221;off&#8221; circle_color=&#8221;#7EBEC5&#8243; use_circle_border=&#8221;off&#8221; circle_border_color=&#8221;#7EBEC5&#8243; icon_placement=&#8221;left&#8221; animation=&#8221;top&#8221; background_layout=&#8221;light&#8221; text_orientation=&#8221;left&#8221;]Los planes de estudio a medida pueden dise\u00f1arse para una persona, o bien desarrollar un plan especifico para un grupo. Otra de las posibilidades del sistema de video tutoriales es la instalaci\u00f3n de una aplicaci\u00f3n &#8220;Organizador&#8221; en un servidor y que los usuarios accedan por intermedio de la red. En este caso, se ir\u00e1n agregando instructivos en el servidor y estar\u00e1n disponibles para todos los usuarios de nuestra empresa, evitando la necesidad de una formaci\u00f3n grupal y cada usuario interesado podr\u00e1 visualizar los instructivos en cualquier momento disponible. Otra posibilidad es la creaci\u00f3n de un canal en el portal youtube.com y subir todos los tutoriales para que est\u00e9n disponibles a trav\u00e9s Internet[\/et_pb_blurb][\/et_pb_column][\/et_pb_row][\/et_pb_section][et_pb_section fullwidth=&#8221;off&#8221; specialty=&#8221;off&#8221;][et_pb_row][et_pb_column type=&#8221;4_4&#8243;][et_pb_text admin_label=&#8221;Texto&#8221; background_layout=&#8221;light&#8221; text_orientation=&#8221;left&#8221;]<\/p>\n<h2>Video tutoriales de ejemplo<\/h2>\n<p>[\/et_pb_text][\/et_pb_column][\/et_pb_row][et_pb_row][et_pb_column type=&#8221;1_3&#8243;][et_pb_video admin_label=&#8221;V\u00eddeo&#8221; src=&#8221;https:\/\/www.youtube.com\/watch?v=l4OqCHKc_MA&#8221; \/][\/et_pb_column][et_pb_column type=&#8221;1_3&#8243;][et_pb_video admin_label=&#8221;V\u00eddeo&#8221; src=&#8221;https:\/\/www.youtube.com\/watch?v=UeIQiSbZX4U&#8221; \/][\/et_pb_column][et_pb_column type=&#8221;1_3&#8243;][et_pb_video admin_label=&#8221;V\u00eddeo&#8221; src=&#8221;https:\/\/www.youtube.com\/watch?v=Bf5ghqpGhBo&#8221; \/][\/et_pb_column][\/et_pb_row][et_pb_row][et_pb_column type=&#8221;1_3&#8243;][et_pb_video admin_label=&#8221;V\u00eddeo&#8221; src=&#8221;https:\/\/www.youtube.com\/watch?v=Hd-WYTyOmaI&#8221; \/][\/et_pb_column][et_pb_column type=&#8221;1_3&#8243;][et_pb_video admin_label=&#8221;V\u00eddeo&#8221; src=&#8221;https:\/\/www.youtube.com\/watch?v=9IaC63HRxZ4&#8243; \/][\/et_pb_column][et_pb_column type=&#8221;1_3&#8243;][et_pb_video admin_label=&#8221;V\u00eddeo&#8221; src=&#8221;https:\/\/www.youtube.com\/watch?v=J6wGoFqZTio&#8221; \/][\/et_pb_column][\/et_pb_row][et_pb_row][et_pb_column type=&#8221;1_3&#8243;][et_pb_video admin_label=&#8221;V\u00eddeo&#8221; src=&#8221;https:\/\/www.youtube.com\/watch?v=Ot9wfI_4pzc&#8221; \/][\/et_pb_column][et_pb_column type=&#8221;1_3&#8243;][et_pb_video admin_label=&#8221;V\u00eddeo&#8221; src=&#8221;https:\/\/www.youtube.com\/watch?v=owGEGohLDr0&#8243; \/][\/et_pb_column][et_pb_column type=&#8221;1_3&#8243;][et_pb_video admin_label=&#8221;V\u00eddeo&#8221; src=&#8221;https:\/\/www.youtube.com\/watch?v=1xg0naL6KJk&#8221; \/][\/et_pb_column][\/et_pb_row][\/et_pb_section]<\/p>\n","protected":false},"excerpt":{"rendered":"<p>Aprender nunca fue tan f\u00e1cil Aprende de forma totalmente audiovisual Estudio donde y cuando quieras Procedimientos paso a paso Material de referencia <div class=\"et_pb_row et_pb_row_0 et_pb_row_empty\">\n\t\t\t\t\n\t\t\t\t\n\t\t\t\t\n\t\t\t\t\n\t\t\t\t\n\t\t\t<\/div>Mediante este sistema se establecen claramente los objetivos que se desean alcanzar con la formaci\u00f3n. Utilizando sistemas multimediales, se grabar\u00e1 la actividad de pantalla incorporando las instrucciones por voz y efectos visuales de [&hellip;]<\/p>\n","protected":false},"author":2,"featured_media":0,"parent":0,"menu_order":0,"comment_status":"closed","ping_status":"closed","template":"","meta":{"_et_pb_use_builder":"on","_et_pb_old_content":"","_et_gb_content_width":""},"_links":{"self":[{"href":"https:\/\/www.itecman.com\/web\/wp-json\/wp\/v2\/pages\/140"}],"collection":[{"href":"https:\/\/www.itecman.com\/web\/wp-json\/wp\/v2\/pages"}],"about":[{"href":"https:\/\/www.itecman.com\/web\/wp-json\/wp\/v2\/types\/page"}],"author":[{"embeddable":true,"href":"https:\/\/www.itecman.com\/web\/wp-json\/wp\/v2\/users\/2"}],"replies":[{"embeddable":true,"href":"https:\/\/www.itecman.com\/web\/wp-json\/wp\/v2\/comments?post=140"}],"version-history":[{"count":0,"href":"https:\/\/www.itecman.com\/web\/wp-json\/wp\/v2\/pages\/140\/revisions"}],"wp:attachment":[{"href":"https:\/\/www.itecman.com\/web\/wp-json\/wp\/v2\/media?parent=140"}],"curies":[{"name":"wp","href":"https:\/\/api.w.org\/{rel}","templated":true}]}}